{"id":1112344,"date":"2007-01-07T00:00:00","date_gmt":"2007-01-06T21:00:00","guid":{"rendered":"https:\/\/superon.cn\/catalogue\/uncategorized\/07-120\/"},"modified":"2026-03-18T04:46:43","modified_gmt":"2026-03-18T01:46:43","slug":"07-120","status":"publish","type":"product","link":"https:\/\/mxxgz.cn\/es\/catalogue\/07-brackets\/push-to-open-07-brackets\/07-120\/","title":{"rendered":"Cierre expulsador"},"content":{"rendered":"C\u00f3mo elegir buena calidad:<br \/>&#8211; La fuerza de empuje es importante. Mantenemos la fuerza cerca de 15N, por lo que el producto puede abrir la puerta.<br \/>&#8211; La fuerza magn\u00e9tica debe ser buena. De lo contrario, el producto no puede mantener la puerta cerrada. Como la fuerza de atracci\u00f3n de un im\u00e1n est\u00e1 directamente relacionada con su costo, los art\u00edculos baratos tendr\u00edan una fuerza insuficiente de im\u00e1n.<\/p>\n<p>La Especificaci\u00f3n de contrachapa:<br \/>D &#8211; Cabeza suave <br \/>K &#8211; autoadhesiva contrachapa<br \/>N &#8211; encaje e tornillo<br \/>KN &#8211; autoadhesiva contrachapa + con encaje o con tornillo<\/p>\n<p>Especificaci\u00f3n:<br \/>&#8211; Cabeza magn\u00e9tica o suave  (adjustable).<br \/>&#8211; Distancia de apertura: <br \/>  20 mm \u2013 para puertas m\u00e1s peque\u00f1as (altura aprox. &lt;1300 mm)<br \/>  40 mm \u2013 para puertas insertadas y puertas m\u00e1s altas (altura aprox. &gt;1300 mm)<br \/>&#8211; La distancia de empuje se puede ajustar (en art\u00edculos sin \u00ab-x\u00bb en el n\u00famero de art\u00edculo).","protected":false},"excerpt":{"rendered":"<p>C\u00f3mo elegir buena calidad:&#8211; La fuerza de empuje es importante. Mantenemos la fuerza cerca de 15N, por lo que el producto puede abrir la puerta.&#8211; La fuerza magn\u00e9tica debe ser buena. De lo contrario, el producto no puede mantener la puerta cerrada. Como la fuerza de atracci\u00f3n de un im\u00e1n est\u00e1 directamente relacionada con su &#8230; <\/p>\n<p class=\"read-more-container\"><a title=\"Cierre expulsador\" class=\"read-more button\" href=\"https:\/\/mxxgz.cn\/es\/catalogue\/07-brackets\/push-to-open-07-brackets\/07-120\/#more-1112344\">Read more<span class=\"screen-reader-text\">Cierre expulsador<\/span><\/a><\/p>\n","protected":false},"featured_media":0,"comment_status":"open","ping_status":"closed","template":"","meta":[],"product_brand":[],"product_cat":[368005,368053],"product_tag":[],"class_list":{"0":"post-1112344","1":"product","2":"type-product","3":"status-publish","5":"product_cat-07-brackets","6":"product_cat-push-to-open-07-brackets","7":"no-featured-image-padding","8":"sales-flash-overlay","9":"woocommerce-text-align-center","10":"woocommerce-image-align-center","11":"do-quantity-buttons","13":"first","14":"instock","15":"featured","16":"shipping-taxable","17":"purchasable","18":"product-type-variable"},"_links":{"self":[{"href":"https:\/\/mxxgz.cn\/es\/wp-json\/wp\/v2\/product\/1112344","targetHints":{"allow":["GET"]}}],"collection":[{"href":"https:\/\/mxxgz.cn\/es\/wp-json\/wp\/v2\/product"}],"about":[{"href":"https:\/\/mxxgz.cn\/es\/wp-json\/wp\/v2\/types\/product"}],"replies":[{"embeddable":true,"href":"https:\/\/mxxgz.cn\/es\/wp-json\/wp\/v2\/comments?post=1112344"}],"wp:attachment":[{"href":"https:\/\/mxxgz.cn\/es\/wp-json\/wp\/v2\/media?parent=1112344"}],"wp:term":[{"taxonomy":"product_brand","embeddable":true,"href":"https:\/\/mxxgz.cn\/es\/wp-json\/wp\/v2\/product_brand?post=1112344"},{"taxonomy":"product_cat","embeddable":true,"href":"https:\/\/mxxgz.cn\/es\/wp-json\/wp\/v2\/product_cat?post=1112344"},{"taxonomy":"product_tag","embeddable":true,"href":"https:\/\/mxxgz.cn\/es\/wp-json\/wp\/v2\/product_tag?post=1112344"}],"curies":[{"name":"wp","href":"https:\/\/api.w.org\/{rel}","templated":true}]}}