{"id":1113116,"date":"2015-06-04T11:07:28","date_gmt":"2015-06-04T08:07:28","guid":{"rendered":"https:\/\/superon.cn\/catalogue\/uncategorized\/09-120\/"},"modified":"2026-03-18T04:46:57","modified_gmt":"2026-03-18T01:46:57","slug":"09-120","status":"publish","type":"product","link":"https:\/\/mxxgz.cn\/es\/catalogue\/09-sliding-door-fittings\/sliding-door-systems\/09-120\/","title":{"rendered":"Roller system"},"content":{"rendered":"Material:<br \/>Rodillo superior \u2013 PVC<br \/>Rodillo inferior &#8211; POM<\/p>\n<p>Carga = 75 kg<br \/>Los rodillos han sido probados en una puerta de 75 kg y han cubierto con \u00e9xito su distancia de 10.000 metros con rodadura continua. Aprobado con \u00e9xito.<\/p>\n<p>Seg\u00fan la petici\u00f3n del cliente, los tornillos de montaje se pueden hacer con el mismo tama\u00f1o del hex\u00e1gono, 4m m o 5m m. Si no hay requisitos, los tama\u00f1os est\u00e1ndar del hex\u00e1gono son los siguientes:<br \/>Tornillo Abajo  \u041c5 &#8211; 4<br \/>Tornillo superior D=5mm &#8211; 4mm<br \/>Tornillo superior D=6mm &#8211; 5mm","protected":false},"excerpt":{"rendered":"<p>Material:Rodillo superior \u2013 PVCRodillo inferior &#8211; POM Carga = 75 kgLos rodillos han sido probados en una puerta de 75 kg y han cubierto con \u00e9xito su distancia de 10.000 metros con rodadura continua. Aprobado con \u00e9xito. Seg\u00fan la petici\u00f3n del cliente, los tornillos de montaje se pueden hacer con el mismo tama\u00f1o del hex\u00e1gono, &#8230; <\/p>\n<p class=\"read-more-container\"><a title=\"Roller system\" class=\"read-more button\" href=\"https:\/\/mxxgz.cn\/es\/catalogue\/09-sliding-door-fittings\/sliding-door-systems\/09-120\/#more-1113116\">Read more<span class=\"screen-reader-text\">Roller system<\/span><\/a><\/p>\n","protected":false},"featured_media":0,"comment_status":"open","ping_status":"closed","template":"","meta":[],"product_brand":[],"product_cat":[367996,367997],"product_tag":[],"class_list":{"0":"post-1113116","1":"product","2":"type-product","3":"status-publish","5":"product_cat-09-sliding-door-fittings","6":"product_cat-sliding-door-systems","7":"no-featured-image-padding","8":"sales-flash-overlay","9":"woocommerce-text-align-center","10":"woocommerce-image-align-center","11":"do-quantity-buttons","13":"first","14":"instock","15":"shipping-taxable","16":"purchasable","17":"product-type-variable"},"_links":{"self":[{"href":"https:\/\/mxxgz.cn\/es\/wp-json\/wp\/v2\/product\/1113116","targetHints":{"allow":["GET"]}}],"collection":[{"href":"https:\/\/mxxgz.cn\/es\/wp-json\/wp\/v2\/product"}],"about":[{"href":"https:\/\/mxxgz.cn\/es\/wp-json\/wp\/v2\/types\/product"}],"replies":[{"embeddable":true,"href":"https:\/\/mxxgz.cn\/es\/wp-json\/wp\/v2\/comments?post=1113116"}],"wp:attachment":[{"href":"https:\/\/mxxgz.cn\/es\/wp-json\/wp\/v2\/media?parent=1113116"}],"wp:term":[{"taxonomy":"product_brand","embeddable":true,"href":"https:\/\/mxxgz.cn\/es\/wp-json\/wp\/v2\/product_brand?post=1113116"},{"taxonomy":"product_cat","embeddable":true,"href":"https:\/\/mxxgz.cn\/es\/wp-json\/wp\/v2\/product_cat?post=1113116"},{"taxonomy":"product_tag","embeddable":true,"href":"https:\/\/mxxgz.cn\/es\/wp-json\/wp\/v2\/product_tag?post=1113116"}],"curies":[{"name":"wp","href":"https:\/\/api.w.org\/{rel}","templated":true}]}}