{"id":1113272,"date":"2007-01-07T00:00:00","date_gmt":"2007-01-06T21:00:00","guid":{"rendered":"https:\/\/superon.cn\/catalogue\/uncategorized\/03-136\/"},"modified":"2026-03-18T04:47:01","modified_gmt":"2026-03-18T01:47:01","slug":"03-136","status":"publish","type":"product","link":"https:\/\/mxxgz.cn\/es\/catalogue\/03-locks\/for-drawers\/03-136\/","title":{"rendered":"Cerradura de caj\u00f3n #136"},"content":{"rendered":"La Especificaci\u00f3n de cerradura:<br \/>Z: cuerpo y barril de aleaci\u00f3n de zinc<br \/>S: cuerpo de aleaci\u00f3n de zinc con acero inoxidable, barril de aleaci\u00f3n de zinc<br \/>R: cuerpo de acero, barril de aleaci\u00f3n de zinc","protected":false},"excerpt":{"rendered":"<p>La Especificaci\u00f3n de cerradura:Z: cuerpo y barril de aleaci\u00f3n de zincS: cuerpo de aleaci\u00f3n de zinc con acero inoxidable, barril de aleaci\u00f3n de zincR: cuerpo de acero, barril de aleaci\u00f3n de zinc<\/p>\n","protected":false},"featured_media":0,"comment_status":"open","ping_status":"closed","template":"","meta":[],"product_brand":[],"product_cat":[368029,368104],"product_tag":[],"class_list":{"0":"post-1113272","1":"product","2":"type-product","3":"status-publish","5":"product_cat-03-locks","6":"product_cat-for-drawers","7":"no-featured-image-padding","8":"sales-flash-overlay","9":"woocommerce-text-align-center","10":"woocommerce-image-align-center","11":"do-quantity-buttons","13":"first","14":"instock","15":"shipping-taxable","16":"purchasable","17":"product-type-variable"},"_links":{"self":[{"href":"https:\/\/mxxgz.cn\/es\/wp-json\/wp\/v2\/product\/1113272","targetHints":{"allow":["GET"]}}],"collection":[{"href":"https:\/\/mxxgz.cn\/es\/wp-json\/wp\/v2\/product"}],"about":[{"href":"https:\/\/mxxgz.cn\/es\/wp-json\/wp\/v2\/types\/product"}],"replies":[{"embeddable":true,"href":"https:\/\/mxxgz.cn\/es\/wp-json\/wp\/v2\/comments?post=1113272"}],"wp:attachment":[{"href":"https:\/\/mxxgz.cn\/es\/wp-json\/wp\/v2\/media?parent=1113272"}],"wp:term":[{"taxonomy":"product_brand","embeddable":true,"href":"https:\/\/mxxgz.cn\/es\/wp-json\/wp\/v2\/product_brand?post=1113272"},{"taxonomy":"product_cat","embeddable":true,"href":"https:\/\/mxxgz.cn\/es\/wp-json\/wp\/v2\/product_cat?post=1113272"},{"taxonomy":"product_tag","embeddable":true,"href":"https:\/\/mxxgz.cn\/es\/wp-json\/wp\/v2\/product_tag?post=1113272"}],"curies":[{"name":"wp","href":"https:\/\/api.w.org\/{rel}","templated":true}]}}