{"id":1113958,"date":"2007-01-07T00:00:00","date_gmt":"2007-01-06T21:00:00","guid":{"rendered":"https:\/\/superon.cn\/catalogue\/uncategorized\/10-271\/"},"modified":"2026-03-18T04:47:06","modified_gmt":"2026-03-18T01:47:06","slug":"10-271","status":"publish","type":"product","link":"https:\/\/mxxgz.cn\/es\/catalogue\/10-connecting-fittings\/eccentric-for-shelves\/10-271\/","title":{"rendered":"Exc\u00e9ntricas de estante, D=20"},"content":{"rendered":"- Herraje oculto con carcasa para conexi\u00f3n de estantes y paneles laterales con el principio de pestillo exc\u00e9ntrico.<br \/>&#8211; La carcasa est\u00e1 localizada en un orificio de 20 mm de di\u00e1metro.<br \/>&#8211; Un estante puede ser fijado incluso dentro del mueble montado.<br \/>&#8211; El tipo A puede ser apretado tanto en la parte superior como inferior (apropiado para paneles inferiores, es necesario un orificio pasante).","protected":false},"excerpt":{"rendered":"<p>&#8211; Herraje oculto con carcasa para conexi\u00f3n de estantes y paneles laterales con el principio de pestillo exc\u00e9ntrico.&#8211; La carcasa est\u00e1 localizada en un orificio de 20 mm de di\u00e1metro.&#8211; Un estante puede ser fijado incluso dentro del mueble montado.&#8211; El tipo A puede ser apretado tanto en la parte superior como inferior (apropiado para &#8230; <\/p>\n<p class=\"read-more-container\"><a title=\"Exc\u00e9ntricas de estante, D=20\" class=\"read-more button\" href=\"https:\/\/mxxgz.cn\/es\/catalogue\/10-connecting-fittings\/eccentric-for-shelves\/10-271\/#more-1113958\">Read more<span class=\"screen-reader-text\">Exc\u00e9ntricas de estante, D=20<\/span><\/a><\/p>\n","protected":false},"featured_media":0,"comment_status":"open","ping_status":"closed","template":"","meta":[],"product_brand":[],"product_cat":[368003,368004],"product_tag":[],"class_list":{"0":"post-1113958","1":"product","2":"type-product","3":"status-publish","5":"product_cat-10-connecting-fittings","6":"product_cat-eccentric-for-shelves","7":"no-featured-image-padding","8":"sales-flash-overlay","9":"woocommerce-text-align-center","10":"woocommerce-image-align-center","11":"do-quantity-buttons","13":"first","14":"instock","15":"featured","16":"shipping-taxable","17":"purchasable","18":"product-type-variable"},"_links":{"self":[{"href":"https:\/\/mxxgz.cn\/es\/wp-json\/wp\/v2\/product\/1113958","targetHints":{"allow":["GET"]}}],"collection":[{"href":"https:\/\/mxxgz.cn\/es\/wp-json\/wp\/v2\/product"}],"about":[{"href":"https:\/\/mxxgz.cn\/es\/wp-json\/wp\/v2\/types\/product"}],"replies":[{"embeddable":true,"href":"https:\/\/mxxgz.cn\/es\/wp-json\/wp\/v2\/comments?post=1113958"}],"wp:attachment":[{"href":"https:\/\/mxxgz.cn\/es\/wp-json\/wp\/v2\/media?parent=1113958"}],"wp:term":[{"taxonomy":"product_brand","embeddable":true,"href":"https:\/\/mxxgz.cn\/es\/wp-json\/wp\/v2\/product_brand?post=1113958"},{"taxonomy":"product_cat","embeddable":true,"href":"https:\/\/mxxgz.cn\/es\/wp-json\/wp\/v2\/product_cat?post=1113958"},{"taxonomy":"product_tag","embeddable":true,"href":"https:\/\/mxxgz.cn\/es\/wp-json\/wp\/v2\/product_tag?post=1113958"}],"curies":[{"name":"wp","href":"https:\/\/api.w.org\/{rel}","templated":true}]}}