{"id":1114048,"date":"2007-01-07T00:00:00","date_gmt":"2007-01-06T21:00:00","guid":{"rendered":"https:\/\/superon.cn\/catalogue\/uncategorized\/10-300\/"},"modified":"2026-03-18T04:47:07","modified_gmt":"2026-03-18T01:47:07","slug":"10-300","status":"publish","type":"product","link":"https:\/\/mxxgz.cn\/es\/catalogue\/10-connecting-fittings\/sockets\/10-300\/","title":{"rendered":"Tuerca para clavar"},"content":{"rendered":"El encaje es producido en dos formas diferentes: forjado (A) y estampado (B).<\/p>\n<p>Forjado:<br \/>&#8211; Es utilizado acero grueso (1.5 mm y superior),<br \/>&#8211; La rosca es m\u00e1s de confianza,<br \/>&#8211; El producto es m\u00e1s preciso.<\/p>\n<p>Estampado:<br \/>&#8211; Es utilizado acero fino (normalmente 1.0 \u00f3 1.2 mm),<br \/>&#8211; Pueden ocurrir ligeras deformaciones,<br \/>&#8211; El producto es m\u00e1s barato.","protected":false},"excerpt":{"rendered":"<p>El encaje es producido en dos formas diferentes: forjado (A) y estampado (B). Forjado:&#8211; Es utilizado acero grueso (1.5 mm y superior),&#8211; La rosca es m\u00e1s de confianza,&#8211; El producto es m\u00e1s preciso. Estampado:&#8211; Es utilizado acero fino (normalmente 1.0 \u00f3 1.2 mm),&#8211; Pueden ocurrir ligeras deformaciones,&#8211; El producto es m\u00e1s barato.<\/p>\n","protected":false},"featured_media":0,"comment_status":"open","ping_status":"closed","template":"","meta":[],"product_brand":[],"product_cat":[368003,368094],"product_tag":[],"class_list":{"0":"post-1114048","1":"product","2":"type-product","3":"status-publish","5":"product_cat-10-connecting-fittings","6":"product_cat-sockets","7":"no-featured-image-padding","8":"sales-flash-overlay","9":"woocommerce-text-align-center","10":"woocommerce-image-align-center","11":"do-quantity-buttons","13":"first","14":"instock","15":"featured","16":"shipping-taxable","17":"purchasable","18":"product-type-variable"},"_links":{"self":[{"href":"https:\/\/mxxgz.cn\/es\/wp-json\/wp\/v2\/product\/1114048","targetHints":{"allow":["GET"]}}],"collection":[{"href":"https:\/\/mxxgz.cn\/es\/wp-json\/wp\/v2\/product"}],"about":[{"href":"https:\/\/mxxgz.cn\/es\/wp-json\/wp\/v2\/types\/product"}],"replies":[{"embeddable":true,"href":"https:\/\/mxxgz.cn\/es\/wp-json\/wp\/v2\/comments?post=1114048"}],"wp:attachment":[{"href":"https:\/\/mxxgz.cn\/es\/wp-json\/wp\/v2\/media?parent=1114048"}],"wp:term":[{"taxonomy":"product_brand","embeddable":true,"href":"https:\/\/mxxgz.cn\/es\/wp-json\/wp\/v2\/product_brand?post=1114048"},{"taxonomy":"product_cat","embeddable":true,"href":"https:\/\/mxxgz.cn\/es\/wp-json\/wp\/v2\/product_cat?post=1114048"},{"taxonomy":"product_tag","embeddable":true,"href":"https:\/\/mxxgz.cn\/es\/wp-json\/wp\/v2\/product_tag?post=1114048"}],"curies":[{"name":"wp","href":"https:\/\/api.w.org\/{rel}","templated":true}]}}