{"id":1116151,"date":"2016-03-02T13:57:36","date_gmt":"2016-03-02T10:57:36","guid":{"rendered":"https:\/\/superon.cn\/catalogue\/uncategorized\/09-471\/"},"modified":"2026-03-18T04:47:37","modified_gmt":"2026-03-18T01:47:37","slug":"09-471","status":"publish","type":"product","link":"https:\/\/mxxgz.cn\/es\/catalogue\/09-sliding-door-fittings\/pile-weather-strip\/09-471\/","title":{"rendered":"Tira de cepillo para puertas (adhesivo)"},"content":{"rendered":"Tira de pelo para armario de perfil de aluminio<\/p>\n<p>Existen diferentes tipos de base adhesiva:<br \/>A &#8211; capa de espuma adhesiva negra. Si lo pega una vez, no se puede quitar f\u00e1cilmente, tendr\u00e1 que rasgar la capa adhesiva.Espesor de la capa: 1.2 mm-1.5 mm.<br \/>B &#8211; se pulveriza pegamento sobre la base textil.<br \/>C &#8211; base adhesiva doble cara 3M. Espesor de la capa: ~ 0.5 mm.<br \/>D &#8211; base adhesiva de doble cara (marca local). Espesor de la capa: ~ 0.5 mm.<\/p>\n<p>Hay tiras de pelo de diferentes anchos y alturas de pelo.<br \/>Los tipos regulares de las tiras tienen el siguiente ancho: 5,6,7,9,11 mm<br \/>El grosor de la base de la tira (sin incluir la capa de pegamento) ~ 0.7 mm<br \/>La desviaci\u00f3n del ancho de la tira +\/- 0.2 mm<\/p>\n<p>Tipos de costuras de pelo:<br \/>2P2L: dos filas se unen en dos l\u00edneas<br \/>3P2L: tres filas se unen en dos l\u00edneas (dos filas se unen en pares). Este mont\u00f3n es tupido, pero no ancho. Es la forma m\u00e1s popular de coser entre los tipos est\u00e1ndar de pilas 5\u04454, 5\u04456, 7\u04455.<br \/>3P3L: tres filas est\u00e1n cosidas en tres l\u00edneas.<br \/>4P4L: cuatro filas est\u00e1n cosidas en cuatro l\u00edneas.","protected":false},"excerpt":{"rendered":"<p>Tira de pelo para armario de perfil de aluminio Existen diferentes tipos de base adhesiva:A &#8211; capa de espuma adhesiva negra. Si lo pega una vez, no se puede quitar f\u00e1cilmente, tendr\u00e1 que rasgar la capa adhesiva.Espesor de la capa: 1.2 mm-1.5 mm.B &#8211; se pulveriza pegamento sobre la base textil.C &#8211; base adhesiva doble &#8230; <\/p>\n<p class=\"read-more-container\"><a title=\"Tira de cepillo para puertas (adhesivo)\" class=\"read-more button\" href=\"https:\/\/mxxgz.cn\/es\/catalogue\/09-sliding-door-fittings\/pile-weather-strip\/09-471\/#more-1116151\">Read more<span class=\"screen-reader-text\">Tira de cepillo para puertas (adhesivo)<\/span><\/a><\/p>\n","protected":false},"featured_media":0,"comment_status":"open","ping_status":"closed","template":"","meta":[],"product_brand":[],"product_cat":[367996,368122],"product_tag":[],"class_list":{"0":"post-1116151","1":"product","2":"type-product","3":"status-publish","5":"product_cat-09-sliding-door-fittings","6":"product_cat-pile-weather-strip","7":"no-featured-image-padding","8":"sales-flash-overlay","9":"woocommerce-text-align-center","10":"woocommerce-image-align-center","11":"do-quantity-buttons","13":"first","14":"instock","15":"shipping-taxable","16":"purchasable","17":"product-type-variable"},"_links":{"self":[{"href":"https:\/\/mxxgz.cn\/es\/wp-json\/wp\/v2\/product\/1116151","targetHints":{"allow":["GET"]}}],"collection":[{"href":"https:\/\/mxxgz.cn\/es\/wp-json\/wp\/v2\/product"}],"about":[{"href":"https:\/\/mxxgz.cn\/es\/wp-json\/wp\/v2\/types\/product"}],"replies":[{"embeddable":true,"href":"https:\/\/mxxgz.cn\/es\/wp-json\/wp\/v2\/comments?post=1116151"}],"wp:attachment":[{"href":"https:\/\/mxxgz.cn\/es\/wp-json\/wp\/v2\/media?parent=1116151"}],"wp:term":[{"taxonomy":"product_brand","embeddable":true,"href":"https:\/\/mxxgz.cn\/es\/wp-json\/wp\/v2\/product_brand?post=1116151"},{"taxonomy":"product_cat","embeddable":true,"href":"https:\/\/mxxgz.cn\/es\/wp-json\/wp\/v2\/product_cat?post=1116151"},{"taxonomy":"product_tag","embeddable":true,"href":"https:\/\/mxxgz.cn\/es\/wp-json\/wp\/v2\/product_tag?post=1116151"}],"curies":[{"name":"wp","href":"https:\/\/api.w.org\/{rel}","templated":true}]}}