{"id":1913,"date":"2014-12-01T10:08:18","date_gmt":"2014-12-01T07:08:18","guid":{"rendered":"http:\/\/new.superon.cn\/?page_id=1913"},"modified":"2024-05-31T07:29:52","modified_gmt":"2024-05-31T04:29:52","slug":"about-us","status":"publish","type":"page","link":"https:\/\/mxxgz.cn\/pb\/about-us\/","title":{"rendered":"Quem somos"},"content":{"rendered":"<div class=\"su-tabs su-tabs-style-default su-tabs-mobile-scroll\" data-active=\"1\" data-scroll-offset=\"0\" data-anchor-in-url=\"no\"><div class=\"su-tabs-nav\"><span class=\"\" data-url=\"\" data-target=\"blank\" tabindex=\"0\" role=\"button\">SOBRE A EMPRESA<\/span><span class=\"\" data-url=\"\" data-target=\"blank\" tabindex=\"0\" role=\"button\">TERMOS DE VENDAS<\/span><span class=\"\" data-url=\"\" data-target=\"blank\" tabindex=\"0\" role=\"button\">TERMOS DE ENTREGA<\/span><span class=\"\" data-url=\"\" data-target=\"blank\" tabindex=\"0\" role=\"button\">GARANTIA DE QUALIDADE<\/span><\/div><div class=\"su-tabs-panes\"><div class=\"su-tabs-pane su-u-clearfix su-u-trim\" data-title=\"SOBRE A EMPRESA\">\nGuangzhou Mai Xuan Xin Commercial and Trading Co., Limited \u00e9 uma exportadora de acess\u00f3rios para m\u00f3veis situada em Asia. A variedade dos produtos pode ser pesquisada na nossa se\u00e7\u00e3o &#8220;Cat\u00e1logo&#8221;.<\/p>\n<p>A principal caracter\u00edstica da nossa empresa \u00e9 que fazemos tudo com a aten\u00e7\u00e3o e responsabilidade necess\u00e1rias.<\/p>\n<p>N\u00f3s dispomos de um departamento de testes, com todo o equipamento necess\u00e1rio, onde verificamos as caracter\u00edsticas t\u00e9cnicas dos produtos, sua qualidade, comparamos os itens de diferentes fabricantes e garantimos a correspond\u00eancia dos produtos com as amostras iniciais.<\/p>\n<p>As mercadorias s\u00e3o carregadas em cont\u00eaineres no nosso armaz\u00e9m sob a supervis\u00e3o de nossa equipe.<\/p>\n<p>Trabalhando conosco, voc\u00ea poder\u00e1 discutir tudo, o que ir\u00e1 ajud\u00e1-lo a compreender todos os detalhes e discutir todas as quest\u00f5es de forma r\u00e1pida e eficaz.<\/p>\n<p>Obrigada. \ud83d\ude42<\/div>\n<div class=\"su-tabs-pane su-u-clearfix su-u-trim\" data-title=\"TERMOS DE VENDAS\">\nN\u00f3s n\u00e3o exigimos valor m\u00ednimo para pedidos. O n\u00famero de itens diferentes tamb\u00e9m n\u00e3o \u00e9 limitado, assim voc\u00ea pode comprar produtos de acordo com sua necessidade. Voc\u00ea s\u00f3 precisa observar que em caso de pedidos abaixo U$D 10.000 talvez precisaremos que voc\u00ea pague uma parte das despesas de exporta\u00e7\u00e3o.<\/div>\n<div class=\"su-tabs-pane su-u-clearfix su-u-trim\" data-title=\"TERMOS DE ENTREGA\">\nOs pre\u00e7os s\u00e3o apresentados em regime de FOB, enviado a bordo e desalfandegadas. N\u00f3s n\u00e3o fornecemos servi\u00e7os de compensa\u00e7\u00e3o aduaneira em seu pa\u00eds.<\/div>\n<div class=\"su-tabs-pane su-u-clearfix su-u-trim\" data-title=\"GARANTIA DE QUALIDADE\">\nNossa equipe inspeciona os produtos durante a produ\u00e7\u00e3o e\/ou antes do carregamento, para que possamos garantir que os produtos est\u00e3o em conformidade com a qualidade acordada ou com amostras previamente aprovadas.<\/p>\n<p>Al\u00e9m disso, quando n\u00f3s selecionamos os nossos fornecedores, verificamos as caracter\u00edsticas de qualidade e tecnologia em empresas de testes especializados (tais como, SGS) ou em nosso pr\u00f3prio departamento de testes. Isso nos ajuda a escolher os produtos mais est\u00e1veis e fornecedores de confian\u00e7a.<\/div><\/div><\/div>","protected":false},"excerpt":{"rendered":"","protected":false},"author":2,"featured_media":0,"parent":0,"menu_order":0,"comment_status":"closed","ping_status":"closed","template":"","meta":{"footnotes":""},"class_list":{"0":"post-1913","1":"page","2":"type-page","3":"status-publish","5":"no-featured-image-padding"},"_links":{"self":[{"href":"https:\/\/mxxgz.cn\/pb\/wp-json\/wp\/v2\/pages\/1913","targetHints":{"allow":["GET"]}}],"collection":[{"href":"https:\/\/mxxgz.cn\/pb\/wp-json\/wp\/v2\/pages"}],"about":[{"href":"https:\/\/mxxgz.cn\/pb\/wp-json\/wp\/v2\/types\/page"}],"author":[{"embeddable":true,"href":"https:\/\/mxxgz.cn\/pb\/wp-json\/wp\/v2\/users\/2"}],"replies":[{"embeddable":true,"href":"https:\/\/mxxgz.cn\/pb\/wp-json\/wp\/v2\/comments?post=1913"}],"version-history":[{"count":0,"href":"https:\/\/mxxgz.cn\/pb\/wp-json\/wp\/v2\/pages\/1913\/revisions"}],"wp:attachment":[{"href":"https:\/\/mxxgz.cn\/pb\/wp-json\/wp\/v2\/media?parent=1913"}],"curies":[{"name":"wp","href":"https:\/\/api.w.org\/{rel}","templated":true}]}}