{"id":1112193,"date":"2008-09-26T00:00:00","date_gmt":"2008-09-25T21:00:00","guid":{"rendered":"https:\/\/superon.cn\/catalogue\/uncategorized\/07-634-s\/"},"modified":"2026-03-18T04:46:42","modified_gmt":"2026-03-18T01:46:42","slug":"07-634-s","status":"publish","type":"product","link":"https:\/\/mxxgz.cn\/pb\/catalogue\/07-brackets\/simple-lifting-brackets\/07-634-s\/","title":{"rendered":"Sujetapuerta hidr\u00e1ulica, brazo de acero"},"content":{"rendered":"Por favor, preste aten\u00e7\u00e3o ao desenho L E R<\/p>\n<p>Considera-se que a carga aproximada do suporte \u00e9 a seguinte::<\/p>\n<p>1 unidade por porta: Min ~ Max<br \/>Altura de 1\/2 porta (cm) x Peso da porta (kg) : 16 ~ 70 <\/p>\n<p>2 unidades (esquerda e direita) por porta: Min ~ Max<br \/>Altura de 1\/2 porta (cm) x Peso da porta (kg) : 32 ~ 140","protected":false},"excerpt":{"rendered":"<p>Por favor, preste aten\u00e7\u00e3o ao desenho L E R Considera-se que a carga aproximada do suporte \u00e9 a seguinte:: 1 unidade por porta: Min ~ MaxAltura de 1\/2 porta (cm) x Peso da porta (kg) : 16 ~ 70 2 unidades (esquerda e direita) por porta: Min ~ MaxAltura de 1\/2 porta (cm) x Peso &#8230; <\/p>\n<p class=\"read-more-container\"><a title=\"Sujetapuerta hidr\u00e1ulica, brazo de acero\" class=\"read-more button\" href=\"https:\/\/mxxgz.cn\/pb\/catalogue\/07-brackets\/simple-lifting-brackets\/07-634-s\/#more-1112193\">Read more<span class=\"screen-reader-text\">Sujetapuerta hidr\u00e1ulica, brazo de acero<\/span><\/a><\/p>\n","protected":false},"featured_media":0,"comment_status":"open","ping_status":"closed","template":"","meta":[],"product_brand":[],"product_cat":[368005,368093],"product_tag":[],"class_list":{"0":"post-1112193","1":"product","2":"type-product","3":"status-publish","5":"product_cat-07-brackets","6":"product_cat-simple-lifting-brackets","7":"no-featured-image-padding","8":"sales-flash-overlay","9":"woocommerce-text-align-center","10":"woocommerce-image-align-center","11":"do-quantity-buttons","13":"first","14":"instock","15":"featured","16":"shipping-taxable","17":"purchasable","18":"product-type-variable"},"_links":{"self":[{"href":"https:\/\/mxxgz.cn\/pb\/wp-json\/wp\/v2\/product\/1112193","targetHints":{"allow":["GET"]}}],"collection":[{"href":"https:\/\/mxxgz.cn\/pb\/wp-json\/wp\/v2\/product"}],"about":[{"href":"https:\/\/mxxgz.cn\/pb\/wp-json\/wp\/v2\/types\/product"}],"replies":[{"embeddable":true,"href":"https:\/\/mxxgz.cn\/pb\/wp-json\/wp\/v2\/comments?post=1112193"}],"wp:attachment":[{"href":"https:\/\/mxxgz.cn\/pb\/wp-json\/wp\/v2\/media?parent=1112193"}],"wp:term":[{"taxonomy":"product_brand","embeddable":true,"href":"https:\/\/mxxgz.cn\/pb\/wp-json\/wp\/v2\/product_brand?post=1112193"},{"taxonomy":"product_cat","embeddable":true,"href":"https:\/\/mxxgz.cn\/pb\/wp-json\/wp\/v2\/product_cat?post=1112193"},{"taxonomy":"product_tag","embeddable":true,"href":"https:\/\/mxxgz.cn\/pb\/wp-json\/wp\/v2\/product_tag?post=1112193"}],"curies":[{"name":"wp","href":"https:\/\/api.w.org\/{rel}","templated":true}]}}