{"id":1112413,"date":"2015-06-09T17:14:57","date_gmt":"2015-06-09T14:14:57","guid":{"rendered":"https:\/\/superon.cn\/catalogue\/uncategorized\/07-130\/"},"modified":"2026-03-18T04:46:44","modified_gmt":"2026-03-18T01:46:44","slug":"07-130","status":"publish","type":"product","link":"https:\/\/mxxgz.cn\/pb\/catalogue\/07-brackets\/push-to-open-07-brackets\/07-130\/","title":{"rendered":"Cierre expulsador"},"content":{"rendered":"- Para portas sobreposi\u00e7\u00e3o, aortas angulares<br \/>&#8211; Contraplacado: autoadesivo, com encaixe ou com parafuso<br \/>&#8211; Instalado na parte acima u lateral do arm\u00e1rio<br \/>&#8211; O furo precisa ser perfurado<br \/>&#8211; Cabe\u00e7a magn\u00e9tica<br \/>&#8211; Dist\u00e2ncia de abertura:: 18 mm<\/p>\n<p>A especifica\u00e7\u00e3o de contraplacado:<br \/>D &#8211; Cabe\u00e7a macia  <br \/>K &#8211; autoadesivo contraplacado<br \/>N &#8211; encaixe e parafuso<br \/>KN &#8211; autoadesivo contraplacado + com encaixe e com parafuso","protected":false},"excerpt":{"rendered":"<p>&#8211; Para portas sobreposi\u00e7\u00e3o, aortas angulares&#8211; Contraplacado: autoadesivo, com encaixe ou com parafuso&#8211; Instalado na parte acima u lateral do arm\u00e1rio&#8211; O furo precisa ser perfurado&#8211; Cabe\u00e7a magn\u00e9tica&#8211; Dist\u00e2ncia de abertura:: 18 mm A especifica\u00e7\u00e3o de contraplacado:D &#8211; Cabe\u00e7a macia K &#8211; autoadesivo contraplacadoN &#8211; encaixe e parafusoKN &#8211; autoadesivo contraplacado + com encaixe e &#8230; <\/p>\n<p class=\"read-more-container\"><a title=\"Cierre expulsador\" class=\"read-more button\" href=\"https:\/\/mxxgz.cn\/pb\/catalogue\/07-brackets\/push-to-open-07-brackets\/07-130\/#more-1112413\">Read more<span class=\"screen-reader-text\">Cierre expulsador<\/span><\/a><\/p>\n","protected":false},"featured_media":0,"comment_status":"open","ping_status":"closed","template":"","meta":[],"product_brand":[],"product_cat":[368005,368053],"product_tag":[],"class_list":{"0":"post-1112413","1":"product","2":"type-product","3":"status-publish","5":"product_cat-07-brackets","6":"product_cat-push-to-open-07-brackets","7":"no-featured-image-padding","8":"sales-flash-overlay","9":"woocommerce-text-align-center","10":"woocommerce-image-align-center","11":"do-quantity-buttons","13":"first","14":"instock","15":"shipping-taxable","16":"purchasable","17":"product-type-variable"},"_links":{"self":[{"href":"https:\/\/mxxgz.cn\/pb\/wp-json\/wp\/v2\/product\/1112413","targetHints":{"allow":["GET"]}}],"collection":[{"href":"https:\/\/mxxgz.cn\/pb\/wp-json\/wp\/v2\/product"}],"about":[{"href":"https:\/\/mxxgz.cn\/pb\/wp-json\/wp\/v2\/types\/product"}],"replies":[{"embeddable":true,"href":"https:\/\/mxxgz.cn\/pb\/wp-json\/wp\/v2\/comments?post=1112413"}],"wp:attachment":[{"href":"https:\/\/mxxgz.cn\/pb\/wp-json\/wp\/v2\/media?parent=1112413"}],"wp:term":[{"taxonomy":"product_brand","embeddable":true,"href":"https:\/\/mxxgz.cn\/pb\/wp-json\/wp\/v2\/product_brand?post=1112413"},{"taxonomy":"product_cat","embeddable":true,"href":"https:\/\/mxxgz.cn\/pb\/wp-json\/wp\/v2\/product_cat?post=1112413"},{"taxonomy":"product_tag","embeddable":true,"href":"https:\/\/mxxgz.cn\/pb\/wp-json\/wp\/v2\/product_tag?post=1112413"}],"curies":[{"name":"wp","href":"https:\/\/api.w.org\/{rel}","templated":true}]}}