{"id":1112527,"date":"2011-05-16T16:26:06","date_gmt":"2011-05-16T13:26:06","guid":{"rendered":"https:\/\/superon.cn\/catalogue\/uncategorized\/07-425\/"},"modified":"2026-03-18T04:46:46","modified_gmt":"2026-03-18T01:46:46","slug":"07-425","status":"publish","type":"product","link":"https:\/\/mxxgz.cn\/pb\/catalogue\/07-brackets\/lifting-brackets\/07-425\/","title":{"rendered":"Herraje para puerta elevable"},"content":{"rendered":"- buffer hidr\u00e1ulico instalado para fechamento suave<br \/>&#8211; for\u00e7a da mola ajust\u00e1vel<br \/>&#8211; qualquer porta de largura<br \/>&#8211; altura sugerida da porta:&gt; 270 mm","protected":false},"excerpt":{"rendered":"<p>&#8211; buffer hidr\u00e1ulico instalado para fechamento suave&#8211; for\u00e7a da mola ajust\u00e1vel&#8211; qualquer porta de largura&#8211; altura sugerida da porta:&gt; 270 mm<\/p>\n","protected":false},"featured_media":0,"comment_status":"open","ping_status":"closed","template":"","meta":[],"product_brand":[],"product_cat":[368005,368088],"product_tag":[],"class_list":{"0":"post-1112527","1":"product","2":"type-product","3":"status-publish","5":"product_cat-07-brackets","6":"product_cat-lifting-brackets","7":"no-featured-image-padding","8":"sales-flash-overlay","9":"woocommerce-text-align-center","10":"woocommerce-image-align-center","11":"do-quantity-buttons","13":"first","14":"instock","15":"shipping-taxable","16":"purchasable","17":"product-type-variable"},"_links":{"self":[{"href":"https:\/\/mxxgz.cn\/pb\/wp-json\/wp\/v2\/product\/1112527","targetHints":{"allow":["GET"]}}],"collection":[{"href":"https:\/\/mxxgz.cn\/pb\/wp-json\/wp\/v2\/product"}],"about":[{"href":"https:\/\/mxxgz.cn\/pb\/wp-json\/wp\/v2\/types\/product"}],"replies":[{"embeddable":true,"href":"https:\/\/mxxgz.cn\/pb\/wp-json\/wp\/v2\/comments?post=1112527"}],"wp:attachment":[{"href":"https:\/\/mxxgz.cn\/pb\/wp-json\/wp\/v2\/media?parent=1112527"}],"wp:term":[{"taxonomy":"product_brand","embeddable":true,"href":"https:\/\/mxxgz.cn\/pb\/wp-json\/wp\/v2\/product_brand?post=1112527"},{"taxonomy":"product_cat","embeddable":true,"href":"https:\/\/mxxgz.cn\/pb\/wp-json\/wp\/v2\/product_cat?post=1112527"},{"taxonomy":"product_tag","embeddable":true,"href":"https:\/\/mxxgz.cn\/pb\/wp-json\/wp\/v2\/product_tag?post=1112527"}],"curies":[{"name":"wp","href":"https:\/\/api.w.org\/{rel}","templated":true}]}}