{"id":1113058,"date":"2013-03-07T18:19:34","date_gmt":"2013-03-07T15:19:34","guid":{"rendered":"https:\/\/superon.cn\/catalogue\/uncategorized\/09-100\/"},"modified":"2026-03-18T04:46:57","modified_gmt":"2026-03-18T01:46:57","slug":"09-100","status":"publish","type":"product","link":"https:\/\/mxxgz.cn\/pb\/catalogue\/09-sliding-door-fittings\/sliding-door-systems\/09-100\/","title":{"rendered":"Sistema de rodillos (sim\u00e9trico)"},"content":{"rendered":"Material:<br \/>Rolo superior \u2013 PVC<br \/>Rolo inferior:<br \/>A: rolamento padr\u00e3o + pl\u00e1stico POM<br \/>B: rolamento amigo do or\u00e7amento + pl\u00e1stico PP <\/p>\n<p>De acordo com o pedido do cliente, parafusos de montagem podem ser feitos com o mesmo tamanho hex\u00e1gono, 4mm ou 5mm. Se n\u00e3o houver requisitos, os tamanhos hexagonais padr\u00e3o s\u00e3o os seguintes: <br \/>parafuso descendente \u041c5 \u2013 4mm<br \/>parafuso superior D=5mm &#8211; 4mm<br \/>parafuso superior D = 6mm &#8211; 5mm","protected":false},"excerpt":{"rendered":"<p>Material:Rolo superior \u2013 PVCRolo inferior:A: rolamento padr\u00e3o + pl\u00e1stico POMB: rolamento amigo do or\u00e7amento + pl\u00e1stico PP De acordo com o pedido do cliente, parafusos de montagem podem ser feitos com o mesmo tamanho hex\u00e1gono, 4mm ou 5mm. Se n\u00e3o houver requisitos, os tamanhos hexagonais padr\u00e3o s\u00e3o os seguintes: parafuso descendente \u041c5 \u2013 4mmparafuso superior &#8230; <\/p>\n<p class=\"read-more-container\"><a title=\"Sistema de rodillos (sim\u00e9trico)\" class=\"read-more button\" href=\"https:\/\/mxxgz.cn\/pb\/catalogue\/09-sliding-door-fittings\/sliding-door-systems\/09-100\/#more-1113058\">Read more<span class=\"screen-reader-text\">Sistema de rodillos (sim\u00e9trico)<\/span><\/a><\/p>\n","protected":false},"featured_media":0,"comment_status":"open","ping_status":"closed","template":"","meta":[],"product_brand":[],"product_cat":[367996,367997],"product_tag":[],"class_list":{"0":"post-1113058","1":"product","2":"type-product","3":"status-publish","5":"product_cat-09-sliding-door-fittings","6":"product_cat-sliding-door-systems","7":"no-featured-image-padding","8":"sales-flash-overlay","9":"woocommerce-text-align-center","10":"woocommerce-image-align-center","11":"do-quantity-buttons","13":"first","14":"instock","15":"featured","16":"shipping-taxable","17":"purchasable","18":"product-type-variable"},"_links":{"self":[{"href":"https:\/\/mxxgz.cn\/pb\/wp-json\/wp\/v2\/product\/1113058","targetHints":{"allow":["GET"]}}],"collection":[{"href":"https:\/\/mxxgz.cn\/pb\/wp-json\/wp\/v2\/product"}],"about":[{"href":"https:\/\/mxxgz.cn\/pb\/wp-json\/wp\/v2\/types\/product"}],"replies":[{"embeddable":true,"href":"https:\/\/mxxgz.cn\/pb\/wp-json\/wp\/v2\/comments?post=1113058"}],"wp:attachment":[{"href":"https:\/\/mxxgz.cn\/pb\/wp-json\/wp\/v2\/media?parent=1113058"}],"wp:term":[{"taxonomy":"product_brand","embeddable":true,"href":"https:\/\/mxxgz.cn\/pb\/wp-json\/wp\/v2\/product_brand?post=1113058"},{"taxonomy":"product_cat","embeddable":true,"href":"https:\/\/mxxgz.cn\/pb\/wp-json\/wp\/v2\/product_cat?post=1113058"},{"taxonomy":"product_tag","embeddable":true,"href":"https:\/\/mxxgz.cn\/pb\/wp-json\/wp\/v2\/product_tag?post=1113058"}],"curies":[{"name":"wp","href":"https:\/\/api.w.org\/{rel}","templated":true}]}}