{"id":1113279,"date":"2015-07-08T16:01:14","date_gmt":"2015-07-08T13:01:14","guid":{"rendered":"https:\/\/superon.cn\/catalogue\/uncategorized\/09-470\/"},"modified":"2026-03-18T04:47:01","modified_gmt":"2026-03-18T01:47:01","slug":"09-470","status":"publish","type":"product","link":"https:\/\/mxxgz.cn\/pb\/catalogue\/09-sliding-door-fittings\/pile-weather-strip\/09-470\/","title":{"rendered":"Tira de cepillo para puertas (insertar)"},"content":{"rendered":"Tira de cabelo para o arm\u00e1rio de perfil de alum\u00ednio<\/p>\n<p>Existem tiras de diferentes larguras e alturas de estacas.<br \/>Os tipos regulares das tiras t\u00eam a seguinte largura: 5,6,7,9,11 mm<br \/>A espessura da base da tira ~ 0,7 mm<br \/>O desvio da largura da tira +\/- 0,2 mm<\/p>\n<p>Tipos de custo pelo:<br \/>2P2L: duas linhas s\u00e3o costuradas em duas linhas<br \/>3P2L: tr\u00eas linhas s\u00e3o costuradas em duas linhas (duas linhas s\u00e3o costuradas em pares). Esta pilha \u00e9 espessa, mas n\u00e3o larga. \u00c9 a maneira mais popular de costurar entre os tipos padr\u00e3o de pilhas 5\u04454, 5\u04456, 7\u04455.<br \/>3P3L: tr\u00eas linhas s\u00e3o costuradas em tr\u00eas linhas.<br \/>4P4L: quatro linhas s\u00e3o costuradas em quatro linhas.","protected":false},"excerpt":{"rendered":"<p>Tira de cabelo para o arm\u00e1rio de perfil de alum\u00ednio Existem tiras de diferentes larguras e alturas de estacas.Os tipos regulares das tiras t\u00eam a seguinte largura: 5,6,7,9,11 mmA espessura da base da tira ~ 0,7 mmO desvio da largura da tira +\/- 0,2 mm Tipos de custo pelo:2P2L: duas linhas s\u00e3o costuradas em duas &#8230; <\/p>\n<p class=\"read-more-container\"><a title=\"Tira de cepillo para puertas (insertar)\" class=\"read-more button\" href=\"https:\/\/mxxgz.cn\/pb\/catalogue\/09-sliding-door-fittings\/pile-weather-strip\/09-470\/#more-1113279\">Read more<span class=\"screen-reader-text\">Tira de cepillo para puertas (insertar)<\/span><\/a><\/p>\n","protected":false},"featured_media":0,"comment_status":"open","ping_status":"closed","template":"","meta":[],"product_brand":[],"product_cat":[367996,368122],"product_tag":[],"class_list":{"0":"post-1113279","1":"product","2":"type-product","3":"status-publish","5":"product_cat-09-sliding-door-fittings","6":"product_cat-pile-weather-strip","7":"no-featured-image-padding","8":"sales-flash-overlay","9":"woocommerce-text-align-center","10":"woocommerce-image-align-center","11":"do-quantity-buttons","13":"first","14":"instock","15":"shipping-taxable","16":"purchasable","17":"product-type-variable"},"_links":{"self":[{"href":"https:\/\/mxxgz.cn\/pb\/wp-json\/wp\/v2\/product\/1113279","targetHints":{"allow":["GET"]}}],"collection":[{"href":"https:\/\/mxxgz.cn\/pb\/wp-json\/wp\/v2\/product"}],"about":[{"href":"https:\/\/mxxgz.cn\/pb\/wp-json\/wp\/v2\/types\/product"}],"replies":[{"embeddable":true,"href":"https:\/\/mxxgz.cn\/pb\/wp-json\/wp\/v2\/comments?post=1113279"}],"wp:attachment":[{"href":"https:\/\/mxxgz.cn\/pb\/wp-json\/wp\/v2\/media?parent=1113279"}],"wp:term":[{"taxonomy":"product_brand","embeddable":true,"href":"https:\/\/mxxgz.cn\/pb\/wp-json\/wp\/v2\/product_brand?post=1113279"},{"taxonomy":"product_cat","embeddable":true,"href":"https:\/\/mxxgz.cn\/pb\/wp-json\/wp\/v2\/product_cat?post=1113279"},{"taxonomy":"product_tag","embeddable":true,"href":"https:\/\/mxxgz.cn\/pb\/wp-json\/wp\/v2\/product_tag?post=1113279"}],"curies":[{"name":"wp","href":"https:\/\/api.w.org\/{rel}","templated":true}]}}