{"id":1113291,"date":"2007-01-07T00:00:00","date_gmt":"2007-01-06T21:00:00","guid":{"rendered":"https:\/\/superon.cn\/catalogue\/uncategorized\/03-138\/"},"modified":"2026-03-18T04:47:01","modified_gmt":"2026-03-18T01:47:01","slug":"03-138","status":"publish","type":"product","link":"https:\/\/mxxgz.cn\/pb\/catalogue\/03-locks\/for-drawers\/03-138\/","title":{"rendered":"Cerradura de caj\u00f3n #138"},"content":{"rendered":"A especifica\u00e7\u00e3o de fechadura:<br \/>Z: cuerpo y barril de aleaci\u00f3n de zinc<br \/>S: cuerpo de aleaci\u00f3n de zinc com a\u00e7o inoxid\u00e1vel, barril de aleaci\u00f3n de zinc<br \/>R: corpo de a\u00e7o, barril de aleaci\u00f3n de zinc<br \/>RP: corpo de a\u00e7o, barril de pl\u00e1stico<\/p>\n<p>Chaves:<br \/>-sem carta: chave de a\u00e7o com cabe\u00e7a de pl\u00e1stico<br \/>-F: chave de a\u00e7o com cabe\u00e7a dobr\u00e1vel<br \/>-C: chave totalmente de a\u00e7o<\/p>\n<p>Combina\u00e7\u00f5es de chaves: 100 tipos de fechaduras exclusivos","protected":false},"excerpt":{"rendered":"<p>A especifica\u00e7\u00e3o de fechadura:Z: cuerpo y barril de aleaci\u00f3n de zincS: cuerpo de aleaci\u00f3n de zinc com a\u00e7o inoxid\u00e1vel, barril de aleaci\u00f3n de zincR: corpo de a\u00e7o, barril de aleaci\u00f3n de zincRP: corpo de a\u00e7o, barril de pl\u00e1stico Chaves:-sem carta: chave de a\u00e7o com cabe\u00e7a de pl\u00e1stico-F: chave de a\u00e7o com cabe\u00e7a dobr\u00e1vel-C: chave totalmente &#8230; <\/p>\n<p class=\"read-more-container\"><a title=\"Cerradura de caj\u00f3n #138\" class=\"read-more button\" href=\"https:\/\/mxxgz.cn\/pb\/catalogue\/03-locks\/for-drawers\/03-138\/#more-1113291\">Read more<span class=\"screen-reader-text\">Cerradura de caj\u00f3n #138<\/span><\/a><\/p>\n","protected":false},"featured_media":0,"comment_status":"open","ping_status":"closed","template":"","meta":[],"product_brand":[],"product_cat":[368029,368104],"product_tag":[],"class_list":{"0":"post-1113291","1":"product","2":"type-product","3":"status-publish","5":"product_cat-03-locks","6":"product_cat-for-drawers","7":"no-featured-image-padding","8":"sales-flash-overlay","9":"woocommerce-text-align-center","10":"woocommerce-image-align-center","11":"do-quantity-buttons","13":"first","14":"instock","15":"featured","16":"shipping-taxable","17":"purchasable","18":"product-type-variable"},"_links":{"self":[{"href":"https:\/\/mxxgz.cn\/pb\/wp-json\/wp\/v2\/product\/1113291","targetHints":{"allow":["GET"]}}],"collection":[{"href":"https:\/\/mxxgz.cn\/pb\/wp-json\/wp\/v2\/product"}],"about":[{"href":"https:\/\/mxxgz.cn\/pb\/wp-json\/wp\/v2\/types\/product"}],"replies":[{"embeddable":true,"href":"https:\/\/mxxgz.cn\/pb\/wp-json\/wp\/v2\/comments?post=1113291"}],"wp:attachment":[{"href":"https:\/\/mxxgz.cn\/pb\/wp-json\/wp\/v2\/media?parent=1113291"}],"wp:term":[{"taxonomy":"product_brand","embeddable":true,"href":"https:\/\/mxxgz.cn\/pb\/wp-json\/wp\/v2\/product_brand?post=1113291"},{"taxonomy":"product_cat","embeddable":true,"href":"https:\/\/mxxgz.cn\/pb\/wp-json\/wp\/v2\/product_cat?post=1113291"},{"taxonomy":"product_tag","embeddable":true,"href":"https:\/\/mxxgz.cn\/pb\/wp-json\/wp\/v2\/product_tag?post=1113291"}],"curies":[{"name":"wp","href":"https:\/\/api.w.org\/{rel}","templated":true}]}}