{"id":1113874,"date":"2007-01-07T00:00:00","date_gmt":"2007-01-06T21:00:00","guid":{"rendered":"https:\/\/superon.cn\/catalogue\/uncategorized\/10-116\/"},"modified":"2026-03-18T04:47:05","modified_gmt":"2026-03-18T01:47:05","slug":"10-116","status":"publish","type":"product","link":"https:\/\/mxxgz.cn\/pb\/catalogue\/10-connecting-fittings\/dowels-for-eccentric\/10-116\/","title":{"rendered":"Perno para exc\u00e9ntrica"},"content":{"rendered":"- Instalado sem ferramenta em orif\u00edcios laterais de perfura\u00e7\u00e3o de 8 ou 10 mm.<br \/>&#8211; Socket em expans\u00e3o fornece uma liga\u00e7\u00e3o segura quando a c\u00e2mara exc\u00eantrica \u00e9 puxada.<br \/>&#8211; Comprimento da cavilha 20 ou 30 mm<br \/>&#8211; Dowel pode ser montado com a chave de fendas pozidrive PZ 2 ou PZ 1.","protected":false},"excerpt":{"rendered":"<p>0qUvCZv4Z4o<\/p>\n","protected":false},"featured_media":0,"comment_status":"open","ping_status":"closed","template":"","meta":[],"product_brand":[],"product_cat":[368003,368037],"product_tag":[],"class_list":{"0":"post-1113874","1":"product","2":"type-product","3":"status-publish","5":"product_cat-10-connecting-fittings","6":"product_cat-dowels-for-eccentric","7":"no-featured-image-padding","8":"sales-flash-overlay","9":"woocommerce-text-align-center","10":"woocommerce-image-align-center","11":"do-quantity-buttons","13":"first","14":"instock","15":"shipping-taxable","16":"purchasable","17":"product-type-variable"},"_links":{"self":[{"href":"https:\/\/mxxgz.cn\/pb\/wp-json\/wp\/v2\/product\/1113874","targetHints":{"allow":["GET"]}}],"collection":[{"href":"https:\/\/mxxgz.cn\/pb\/wp-json\/wp\/v2\/product"}],"about":[{"href":"https:\/\/mxxgz.cn\/pb\/wp-json\/wp\/v2\/types\/product"}],"replies":[{"embeddable":true,"href":"https:\/\/mxxgz.cn\/pb\/wp-json\/wp\/v2\/comments?post=1113874"}],"wp:attachment":[{"href":"https:\/\/mxxgz.cn\/pb\/wp-json\/wp\/v2\/media?parent=1113874"}],"wp:term":[{"taxonomy":"product_brand","embeddable":true,"href":"https:\/\/mxxgz.cn\/pb\/wp-json\/wp\/v2\/product_brand?post=1113874"},{"taxonomy":"product_cat","embeddable":true,"href":"https:\/\/mxxgz.cn\/pb\/wp-json\/wp\/v2\/product_cat?post=1113874"},{"taxonomy":"product_tag","embeddable":true,"href":"https:\/\/mxxgz.cn\/pb\/wp-json\/wp\/v2\/product_tag?post=1113874"}],"curies":[{"name":"wp","href":"https:\/\/api.w.org\/{rel}","templated":true}]}}