{"id":1114342,"date":"2007-01-07T00:00:00","date_gmt":"2007-01-06T21:00:00","guid":{"rendered":"https:\/\/superon.cn\/catalogue\/uncategorized\/10-371\/"},"modified":"2026-03-18T04:47:10","modified_gmt":"2026-03-18T01:47:10","slug":"10-371","status":"publish","type":"product","link":"https:\/\/mxxgz.cn\/pb\/catalogue\/10-connecting-fittings\/sockets\/10-371\/","title":{"rendered":"Tira de manguitos de pl\u00e1stico (abierta)"},"content":{"rendered":"- Para rosca M6.<br \/>&#8211; Di\u00e2metro do furo 10 mm<br \/>&#8211; Os soquetes s\u00e3o unidos em uma tira<br \/>&#8211; A qualidade est\u00e1 baseada principalmente em<br \/>*a espessura do pl\u00e1stico,<br \/>* a qualidade do pl\u00e1stico.<br \/>O peso do pl\u00e1stico reciclado pode ser maior do que o do pl\u00e1stico prim\u00e1rio, pelo que o peso n\u00e3o pode ser o \u00fanico fator de qualidade. O n\u00edvel do torque deve ser tido em conta.","protected":false},"excerpt":{"rendered":"<p>&#8211; Para rosca M6.&#8211; Di\u00e2metro do furo 10 mm&#8211; Os soquetes s\u00e3o unidos em uma tira&#8211; A qualidade est\u00e1 baseada principalmente em*a espessura do pl\u00e1stico,* a qualidade do pl\u00e1stico.O peso do pl\u00e1stico reciclado pode ser maior do que o do pl\u00e1stico prim\u00e1rio, pelo que o peso n\u00e3o pode ser o \u00fanico fator de qualidade. O &#8230; <\/p>\n<p class=\"read-more-container\"><a title=\"Tira de manguitos de pl\u00e1stico (abierta)\" class=\"read-more button\" href=\"https:\/\/mxxgz.cn\/pb\/catalogue\/10-connecting-fittings\/sockets\/10-371\/#more-1114342\">Read more<span class=\"screen-reader-text\">Tira de manguitos de pl\u00e1stico (abierta)<\/span><\/a><\/p>\n","protected":false},"featured_media":0,"comment_status":"open","ping_status":"closed","template":"","meta":[],"product_brand":[],"product_cat":[368003,368094],"product_tag":[],"class_list":{"0":"post-1114342","1":"product","2":"type-product","3":"status-publish","5":"product_cat-10-connecting-fittings","6":"product_cat-sockets","7":"no-featured-image-padding","8":"sales-flash-overlay","9":"woocommerce-text-align-center","10":"woocommerce-image-align-center","11":"do-quantity-buttons","13":"first","14":"instock","15":"featured","16":"shipping-taxable","17":"purchasable","18":"product-type-variable"},"_links":{"self":[{"href":"https:\/\/mxxgz.cn\/pb\/wp-json\/wp\/v2\/product\/1114342","targetHints":{"allow":["GET"]}}],"collection":[{"href":"https:\/\/mxxgz.cn\/pb\/wp-json\/wp\/v2\/product"}],"about":[{"href":"https:\/\/mxxgz.cn\/pb\/wp-json\/wp\/v2\/types\/product"}],"replies":[{"embeddable":true,"href":"https:\/\/mxxgz.cn\/pb\/wp-json\/wp\/v2\/comments?post=1114342"}],"wp:attachment":[{"href":"https:\/\/mxxgz.cn\/pb\/wp-json\/wp\/v2\/media?parent=1114342"}],"wp:term":[{"taxonomy":"product_brand","embeddable":true,"href":"https:\/\/mxxgz.cn\/pb\/wp-json\/wp\/v2\/product_brand?post=1114342"},{"taxonomy":"product_cat","embeddable":true,"href":"https:\/\/mxxgz.cn\/pb\/wp-json\/wp\/v2\/product_cat?post=1114342"},{"taxonomy":"product_tag","embeddable":true,"href":"https:\/\/mxxgz.cn\/pb\/wp-json\/wp\/v2\/product_tag?post=1114342"}],"curies":[{"name":"wp","href":"https:\/\/api.w.org\/{rel}","templated":true}]}}