{"id":1114400,"date":"2007-01-07T00:00:00","date_gmt":"2007-01-06T21:00:00","guid":{"rendered":"https:\/\/superon.cn\/catalogue\/uncategorized\/10-410\/"},"modified":"2026-03-18T04:47:10","modified_gmt":"2026-03-18T01:47:10","slug":"10-410","status":"publish","type":"product","link":"https:\/\/mxxgz.cn\/pb\/catalogue\/10-connecting-fittings\/steel-corners-and-plates\/10-410\/","title":{"rendered":"Escuadra para atornillar"},"content":{"rendered":"- Montagem com encaixe e parafuso M6.<br \/>&#8211; Duas costelas incrementam a for\u00e7a.<br \/>&#8211; O extremo aberto do furo em um dos lados faz poss\u00edvel instalar as partes do m\u00f3vel no parafuso de montagem.<br \/>&#8211; O escareado estampado nos furos esconde a cabe\u00e7a do parafuso.<\/p>\n<p>Est\u00e3o dispon\u00edveis as seguintes variantes:<br \/>&#8211; canto de ferro (sem parafuso, sem tomada),<br \/>&#8211; conjunto (canto de ferro + tomada + parafuso).","protected":false},"excerpt":{"rendered":"<p>&#8211; Montagem com encaixe e parafuso M6.&#8211; Duas costelas incrementam a for\u00e7a.&#8211; O extremo aberto do furo em um dos lados faz poss\u00edvel instalar as partes do m\u00f3vel no parafuso de montagem.&#8211; O escareado estampado nos furos esconde a cabe\u00e7a do parafuso. Est\u00e3o dispon\u00edveis as seguintes variantes:&#8211; canto de ferro (sem parafuso, sem tomada),&#8211; conjunto &#8230; <\/p>\n<p class=\"read-more-container\"><a title=\"Escuadra para atornillar\" class=\"read-more button\" href=\"https:\/\/mxxgz.cn\/pb\/catalogue\/10-connecting-fittings\/steel-corners-and-plates\/10-410\/#more-1114400\">Read more<span class=\"screen-reader-text\">Escuadra para atornillar<\/span><\/a><\/p>\n","protected":false},"featured_media":0,"comment_status":"open","ping_status":"closed","template":"","meta":[],"product_brand":[],"product_cat":[368003,368020],"product_tag":[],"class_list":{"0":"post-1114400","1":"product","2":"type-product","3":"status-publish","5":"product_cat-10-connecting-fittings","6":"product_cat-steel-corners-and-plates","7":"no-featured-image-padding","8":"sales-flash-overlay","9":"woocommerce-text-align-center","10":"woocommerce-image-align-center","11":"do-quantity-buttons","13":"first","14":"instock","15":"shipping-taxable","16":"purchasable","17":"product-type-variable"},"_links":{"self":[{"href":"https:\/\/mxxgz.cn\/pb\/wp-json\/wp\/v2\/product\/1114400","targetHints":{"allow":["GET"]}}],"collection":[{"href":"https:\/\/mxxgz.cn\/pb\/wp-json\/wp\/v2\/product"}],"about":[{"href":"https:\/\/mxxgz.cn\/pb\/wp-json\/wp\/v2\/types\/product"}],"replies":[{"embeddable":true,"href":"https:\/\/mxxgz.cn\/pb\/wp-json\/wp\/v2\/comments?post=1114400"}],"wp:attachment":[{"href":"https:\/\/mxxgz.cn\/pb\/wp-json\/wp\/v2\/media?parent=1114400"}],"wp:term":[{"taxonomy":"product_brand","embeddable":true,"href":"https:\/\/mxxgz.cn\/pb\/wp-json\/wp\/v2\/product_brand?post=1114400"},{"taxonomy":"product_cat","embeddable":true,"href":"https:\/\/mxxgz.cn\/pb\/wp-json\/wp\/v2\/product_cat?post=1114400"},{"taxonomy":"product_tag","embeddable":true,"href":"https:\/\/mxxgz.cn\/pb\/wp-json\/wp\/v2\/product_tag?post=1114400"}],"curies":[{"name":"wp","href":"https:\/\/api.w.org\/{rel}","templated":true}]}}