{"id":1114403,"date":"2007-01-07T00:00:00","date_gmt":"2007-01-06T21:00:00","guid":{"rendered":"https:\/\/superon.cn\/catalogue\/uncategorized\/10-413\/"},"modified":"2026-03-18T04:47:10","modified_gmt":"2026-03-18T01:47:10","slug":"10-413","status":"publish","type":"product","link":"https:\/\/mxxgz.cn\/pb\/catalogue\/10-connecting-fittings\/steel-corner-with-cover\/10-413\/","title":{"rendered":"Escuadras universal con cubierta de pl\u00e1stico"},"content":{"rendered":"- Cantoneira de a\u00e7o com cobertura de pl\u00e1stico decorativa.<br \/>&#8211; A combina\u00e7\u00e3o adequada de ranhuras proporciona uma instala\u00e7\u00e3o sem dificuldades e evita que a cobertura mexa fora de sitio.<br \/>&#8211; Os entalhes por volta do furo do parafuso evitam o deslizamento da cantoneira. <br \/>&#8211; As ranhuras direitas para parafusos permitem o ajuste das cantoneiras antes da fixa\u00e7\u00e3o.<br \/>&#8211; O segundo furo do parafuso em cada lado permite fixar a cantoneira firmemente.<br \/>&#8211; A apar\u00eancia agrad\u00e1vel e o peso baixo da coberta de pl\u00e1stico fazem com que o m\u00f3vel seja mais bonito.","protected":false},"excerpt":{"rendered":"<p>&#8211; Cantoneira de a\u00e7o com cobertura de pl\u00e1stico decorativa.&#8211; A combina\u00e7\u00e3o adequada de ranhuras proporciona uma instala\u00e7\u00e3o sem dificuldades e evita que a cobertura mexa fora de sitio.&#8211; Os entalhes por volta do furo do parafuso evitam o deslizamento da cantoneira. &#8211; As ranhuras direitas para parafusos permitem o ajuste das cantoneiras antes da fixa\u00e7\u00e3o.&#8211; &#8230; <\/p>\n<p class=\"read-more-container\"><a title=\"Escuadras universal con cubierta de pl\u00e1stico\" class=\"read-more button\" href=\"https:\/\/mxxgz.cn\/pb\/catalogue\/10-connecting-fittings\/steel-corner-with-cover\/10-413\/#more-1114403\">Read more<span class=\"screen-reader-text\">Escuadras universal con cubierta de pl\u00e1stico<\/span><\/a><\/p>\n","protected":false},"featured_media":0,"comment_status":"open","ping_status":"closed","template":"","meta":[],"product_brand":[],"product_cat":[368003,368110],"product_tag":[],"class_list":{"0":"post-1114403","1":"product","2":"type-product","3":"status-publish","5":"product_cat-10-connecting-fittings","6":"product_cat-steel-corner-with-cover","7":"no-featured-image-padding","8":"sales-flash-overlay","9":"woocommerce-text-align-center","10":"woocommerce-image-align-center","11":"do-quantity-buttons","13":"first","14":"instock","15":"featured","16":"shipping-taxable","17":"purchasable","18":"product-type-variable"},"_links":{"self":[{"href":"https:\/\/mxxgz.cn\/pb\/wp-json\/wp\/v2\/product\/1114403","targetHints":{"allow":["GET"]}}],"collection":[{"href":"https:\/\/mxxgz.cn\/pb\/wp-json\/wp\/v2\/product"}],"about":[{"href":"https:\/\/mxxgz.cn\/pb\/wp-json\/wp\/v2\/types\/product"}],"replies":[{"embeddable":true,"href":"https:\/\/mxxgz.cn\/pb\/wp-json\/wp\/v2\/comments?post=1114403"}],"wp:attachment":[{"href":"https:\/\/mxxgz.cn\/pb\/wp-json\/wp\/v2\/media?parent=1114403"}],"wp:term":[{"taxonomy":"product_brand","embeddable":true,"href":"https:\/\/mxxgz.cn\/pb\/wp-json\/wp\/v2\/product_brand?post=1114403"},{"taxonomy":"product_cat","embeddable":true,"href":"https:\/\/mxxgz.cn\/pb\/wp-json\/wp\/v2\/product_cat?post=1114403"},{"taxonomy":"product_tag","embeddable":true,"href":"https:\/\/mxxgz.cn\/pb\/wp-json\/wp\/v2\/product_tag?post=1114403"}],"curies":[{"name":"wp","href":"https:\/\/api.w.org\/{rel}","templated":true}]}}