{"id":1114438,"date":"2011-05-17T17:12:59","date_gmt":"2011-05-17T14:12:59","guid":{"rendered":"https:\/\/superon.cn\/catalogue\/uncategorized\/10-425\/"},"modified":"2026-03-18T04:47:11","modified_gmt":"2026-03-18T01:47:11","slug":"10-425","status":"publish","type":"product","link":"https:\/\/mxxgz.cn\/pb\/catalogue\/10-connecting-fittings\/steel-corners-and-plates\/10-425\/","title":{"rendered":"Escuadra para atornillar"},"content":{"rendered":"- As costelas fazem com que a cantoneira seja mais resistente a curvaturas sem aumentar a espessura do a\u00e7o. <br \/>&#8211; O escareado em furos esconde uma parte da cabe\u00e7a do parafuso.<br \/>&#8211; A espessura do a\u00e7o \u00e9 de 1.80 mm","protected":false},"excerpt":{"rendered":"<p>&#8211; As costelas fazem com que a cantoneira seja mais resistente a curvaturas sem aumentar a espessura do a\u00e7o. &#8211; O escareado em furos esconde uma parte da cabe\u00e7a do parafuso.&#8211; A espessura do a\u00e7o \u00e9 de 1.80 mm<\/p>\n","protected":false},"featured_media":0,"comment_status":"open","ping_status":"closed","template":"","meta":[],"product_brand":[],"product_cat":[368003,368020],"product_tag":[],"class_list":{"0":"post-1114438","1":"product","2":"type-product","3":"status-publish","5":"product_cat-10-connecting-fittings","6":"product_cat-steel-corners-and-plates","7":"no-featured-image-padding","8":"sales-flash-overlay","9":"woocommerce-text-align-center","10":"woocommerce-image-align-center","11":"do-quantity-buttons","13":"first","14":"instock","15":"shipping-taxable","16":"purchasable","17":"product-type-variable"},"_links":{"self":[{"href":"https:\/\/mxxgz.cn\/pb\/wp-json\/wp\/v2\/product\/1114438","targetHints":{"allow":["GET"]}}],"collection":[{"href":"https:\/\/mxxgz.cn\/pb\/wp-json\/wp\/v2\/product"}],"about":[{"href":"https:\/\/mxxgz.cn\/pb\/wp-json\/wp\/v2\/types\/product"}],"replies":[{"embeddable":true,"href":"https:\/\/mxxgz.cn\/pb\/wp-json\/wp\/v2\/comments?post=1114438"}],"wp:attachment":[{"href":"https:\/\/mxxgz.cn\/pb\/wp-json\/wp\/v2\/media?parent=1114438"}],"wp:term":[{"taxonomy":"product_brand","embeddable":true,"href":"https:\/\/mxxgz.cn\/pb\/wp-json\/wp\/v2\/product_brand?post=1114438"},{"taxonomy":"product_cat","embeddable":true,"href":"https:\/\/mxxgz.cn\/pb\/wp-json\/wp\/v2\/product_cat?post=1114438"},{"taxonomy":"product_tag","embeddable":true,"href":"https:\/\/mxxgz.cn\/pb\/wp-json\/wp\/v2\/product_tag?post=1114438"}],"curies":[{"name":"wp","href":"https:\/\/api.w.org\/{rel}","templated":true}]}}