{"id":1115468,"date":"2007-01-07T00:00:00","date_gmt":"2007-01-06T21:00:00","guid":{"rendered":"https:\/\/superon.cn\/catalogue\/uncategorized\/04-170\/"},"modified":"2026-03-18T04:47:30","modified_gmt":"2026-03-18T01:47:30","slug":"04-170","status":"publish","type":"product","link":"https:\/\/mxxgz.cn\/pb\/catalogue\/04-legs-feet\/furniture-feet\/04-170\/","title":{"rendered":"Pie de aluminio"},"content":{"rendered":"- Os n\u00fameros dos itens cont\u00eam: <br \/>38 ou 50: di\u00e2metro do p\u00e9<br \/>080\/100\/120\/150: altura do p\u00e9<\/p>\n<p>Rb = tampa de a\u00e7o estampado e nivelador estampado com base de pl\u00e1stico<br \/>R = tampa s\u00f3lida de a\u00e7o (espessura de 3.2 mm) e nivelador de a\u00e7o estampado com base de pl\u00e1stico<br \/>ZR = tampa s\u00f3lida de a\u00e7o (espessura de 3.2 mm) e nivelador de zinco de fundi\u00e7\u00e3o injetada com base de pl\u00e1stico<br \/>Z = tampa de zinco de fundi\u00e7\u00e3o injetada e nivelador de zinco de fundi\u00e7\u00e3o injetada com base de pl\u00e1stico","protected":false},"excerpt":{"rendered":"<p>&#8211; Os n\u00fameros dos itens cont\u00eam: 38 ou 50: di\u00e2metro do p\u00e9080\/100\/120\/150: altura do p\u00e9 Rb = tampa de a\u00e7o estampado e nivelador estampado com base de pl\u00e1sticoR = tampa s\u00f3lida de a\u00e7o (espessura de 3.2 mm) e nivelador de a\u00e7o estampado com base de pl\u00e1sticoZR = tampa s\u00f3lida de a\u00e7o (espessura de 3.2 mm) &#8230; <\/p>\n<p class=\"read-more-container\"><a title=\"Pie de aluminio\" class=\"read-more button\" href=\"https:\/\/mxxgz.cn\/pb\/catalogue\/04-legs-feet\/furniture-feet\/04-170\/#more-1115468\">Read more<span class=\"screen-reader-text\">Pie de aluminio<\/span><\/a><\/p>\n","protected":false},"featured_media":0,"comment_status":"open","ping_status":"closed","template":"","meta":[],"product_brand":[],"product_cat":[368010,368074],"product_tag":[],"class_list":{"0":"post-1115468","1":"product","2":"type-product","3":"status-publish","5":"product_cat-04-legs-feet","6":"product_cat-furniture-feet","7":"no-featured-image-padding","8":"sales-flash-overlay","9":"woocommerce-text-align-center","10":"woocommerce-image-align-center","11":"do-quantity-buttons","13":"first","14":"instock","15":"featured","16":"shipping-taxable","17":"purchasable","18":"product-type-variable"},"_links":{"self":[{"href":"https:\/\/mxxgz.cn\/pb\/wp-json\/wp\/v2\/product\/1115468","targetHints":{"allow":["GET"]}}],"collection":[{"href":"https:\/\/mxxgz.cn\/pb\/wp-json\/wp\/v2\/product"}],"about":[{"href":"https:\/\/mxxgz.cn\/pb\/wp-json\/wp\/v2\/types\/product"}],"replies":[{"embeddable":true,"href":"https:\/\/mxxgz.cn\/pb\/wp-json\/wp\/v2\/comments?post=1115468"}],"wp:attachment":[{"href":"https:\/\/mxxgz.cn\/pb\/wp-json\/wp\/v2\/media?parent=1115468"}],"wp:term":[{"taxonomy":"product_brand","embeddable":true,"href":"https:\/\/mxxgz.cn\/pb\/wp-json\/wp\/v2\/product_brand?post=1115468"},{"taxonomy":"product_cat","embeddable":true,"href":"https:\/\/mxxgz.cn\/pb\/wp-json\/wp\/v2\/product_cat?post=1115468"},{"taxonomy":"product_tag","embeddable":true,"href":"https:\/\/mxxgz.cn\/pb\/wp-json\/wp\/v2\/product_tag?post=1115468"}],"curies":[{"name":"wp","href":"https:\/\/api.w.org\/{rel}","templated":true}]}}