{"id":1116151,"date":"2016-03-02T13:57:36","date_gmt":"2016-03-02T10:57:36","guid":{"rendered":"https:\/\/superon.cn\/catalogue\/uncategorized\/09-471\/"},"modified":"2026-03-18T04:47:37","modified_gmt":"2026-03-18T01:47:37","slug":"09-471","status":"publish","type":"product","link":"https:\/\/mxxgz.cn\/pb\/catalogue\/09-sliding-door-fittings\/pile-weather-strip\/09-471\/","title":{"rendered":"Tira de cepillo para puertas (adhesivo)"},"content":{"rendered":"Tira de cabelo para o arm\u00e1rio de perfil de alum\u00ednio<\/p>\n<p>Existem diferentes tipos de base adesiva:<br \/>A &#8211; camada de espuma adesiva preta com espuma. Se voc\u00ea col\u00e1-lo uma vez, ele n\u00e3o pode ser removido facilmente, ter\u00e1 que arrancar a camada adesiva.Espessura da camada: 1,2 mm-1,5 mm.<br \/>A cola B \u00e9 pulverizada na base t\u00eaxtil.<br \/>C &#8211; base adesiva dupla face 3M. Espessura da camada: ~ 0,5 mm.<br \/>D &#8211; base adesiva dupla face (marca local) .Espessura da camada: ~ 0,5 mm.<\/p>\n<p>Existem tiras de diferentes larguras e alturas de estacas.<br \/>Os tipos regulares das tiras t\u00eam a seguinte largura: 5,6,7,9,11 mm<br \/>A espessura da base da tira (sem incluir a camada de cola) ~ 0,7 mm<br \/>O desvio da largura da tira +\/- 0,2 mm<\/p>\n<p>Tipos de custo pelo:<br \/>2P2L: duas linhas s\u00e3o costuradas em duas linhas<br \/>3P2L: tr\u00eas linhas s\u00e3o costuradas em duas linhas (duas linhas s\u00e3o costuradas em pares). Esta pilha \u00e9 espessa, mas n\u00e3o larga. \u00c9 a maneira mais popular de costurar entre os tipos padr\u00e3o de pilhas 5\u04454, 5\u04456, 7\u04455.<br \/>3P3L: tr\u00eas linhas s\u00e3o costuradas em tr\u00eas linhas.<br \/>4P4L: quatro linhas s\u00e3o costuradas em quatro linhas.","protected":false},"excerpt":{"rendered":"<p>Tira de cabelo para o arm\u00e1rio de perfil de alum\u00ednio Existem diferentes tipos de base adesiva:A &#8211; camada de espuma adesiva preta com espuma. Se voc\u00ea col\u00e1-lo uma vez, ele n\u00e3o pode ser removido facilmente, ter\u00e1 que arrancar a camada adesiva.Espessura da camada: 1,2 mm-1,5 mm.A cola B \u00e9 pulverizada na base t\u00eaxtil.C &#8211; base &#8230; <\/p>\n<p class=\"read-more-container\"><a title=\"Tira de cepillo para puertas (adhesivo)\" class=\"read-more button\" href=\"https:\/\/mxxgz.cn\/pb\/catalogue\/09-sliding-door-fittings\/pile-weather-strip\/09-471\/#more-1116151\">Read more<span class=\"screen-reader-text\">Tira de cepillo para puertas (adhesivo)<\/span><\/a><\/p>\n","protected":false},"featured_media":0,"comment_status":"open","ping_status":"closed","template":"","meta":[],"product_brand":[],"product_cat":[367996,368122],"product_tag":[],"class_list":{"0":"post-1116151","1":"product","2":"type-product","3":"status-publish","5":"product_cat-09-sliding-door-fittings","6":"product_cat-pile-weather-strip","7":"no-featured-image-padding","8":"sales-flash-overlay","9":"woocommerce-text-align-center","10":"woocommerce-image-align-center","11":"do-quantity-buttons","13":"first","14":"instock","15":"shipping-taxable","16":"purchasable","17":"product-type-variable"},"_links":{"self":[{"href":"https:\/\/mxxgz.cn\/pb\/wp-json\/wp\/v2\/product\/1116151","targetHints":{"allow":["GET"]}}],"collection":[{"href":"https:\/\/mxxgz.cn\/pb\/wp-json\/wp\/v2\/product"}],"about":[{"href":"https:\/\/mxxgz.cn\/pb\/wp-json\/wp\/v2\/types\/product"}],"replies":[{"embeddable":true,"href":"https:\/\/mxxgz.cn\/pb\/wp-json\/wp\/v2\/comments?post=1116151"}],"wp:attachment":[{"href":"https:\/\/mxxgz.cn\/pb\/wp-json\/wp\/v2\/media?parent=1116151"}],"wp:term":[{"taxonomy":"product_brand","embeddable":true,"href":"https:\/\/mxxgz.cn\/pb\/wp-json\/wp\/v2\/product_brand?post=1116151"},{"taxonomy":"product_cat","embeddable":true,"href":"https:\/\/mxxgz.cn\/pb\/wp-json\/wp\/v2\/product_cat?post=1116151"},{"taxonomy":"product_tag","embeddable":true,"href":"https:\/\/mxxgz.cn\/pb\/wp-json\/wp\/v2\/product_tag?post=1116151"}],"curies":[{"name":"wp","href":"https:\/\/api.w.org\/{rel}","templated":true}]}}