{"id":1116515,"date":"2016-11-02T09:18:58","date_gmt":"2016-11-02T06:18:58","guid":{"rendered":"https:\/\/superon.cn\/catalogue\/uncategorized\/09-404\/"},"modified":"2026-03-18T04:47:43","modified_gmt":"2026-03-18T01:47:43","slug":"09-404","status":"publish","type":"product","link":"https:\/\/mxxgz.cn\/pb\/catalogue\/09-sliding-door-fittings\/sliding-door-systems\/09-404\/","title":{"rendered":"Rodillos (sim\u00e9trico)"},"content":{"rendered":"Tipos de rolo com silicone remov\u00edvel:<br \/>A: cabe\u00e7a grande do rolo, rolamento selado com esferas de a\u00e7o<br \/>B: cabe\u00e7a grande do rolo, rolamento n\u00e3o selado com bolas de ferro<br \/>C: rolamento selado com esferas de a\u00e7o<br \/>D: rolamento n\u00e3o selado com esferas de iton<\/p>\n<p>Tipos de rolo com silicone n\u00e3o remov\u00edvel:<br \/>E: cabe\u00e7a grande do rolo, rolamento selado com esferas de a\u00e7o<br \/>F: cabe\u00e7a grande do rolo, rolamento n\u00e3o selado com bolas de ferro<br \/>G: rolamento selado com esferas de a\u00e7o<br \/>H: rolamento n\u00e3o selado com esferas de iton","protected":false},"excerpt":{"rendered":"<p>Tipos de rolo com silicone remov\u00edvel:A: cabe\u00e7a grande do rolo, rolamento selado com esferas de a\u00e7oB: cabe\u00e7a grande do rolo, rolamento n\u00e3o selado com bolas de ferroC: rolamento selado com esferas de a\u00e7oD: rolamento n\u00e3o selado com esferas de iton Tipos de rolo com silicone n\u00e3o remov\u00edvel:E: cabe\u00e7a grande do rolo, rolamento selado com esferas &#8230; <\/p>\n<p class=\"read-more-container\"><a title=\"Rodillos (sim\u00e9trico)\" class=\"read-more button\" href=\"https:\/\/mxxgz.cn\/pb\/catalogue\/09-sliding-door-fittings\/sliding-door-systems\/09-404\/#more-1116515\">Read more<span class=\"screen-reader-text\">Rodillos (sim\u00e9trico)<\/span><\/a><\/p>\n","protected":false},"featured_media":0,"comment_status":"open","ping_status":"closed","template":"","meta":[],"product_brand":[],"product_cat":[367996,367997],"product_tag":[],"class_list":{"0":"post-1116515","1":"product","2":"type-product","3":"status-publish","5":"product_cat-09-sliding-door-fittings","6":"product_cat-sliding-door-systems","7":"no-featured-image-padding","8":"sales-flash-overlay","9":"woocommerce-text-align-center","10":"woocommerce-image-align-center","11":"do-quantity-buttons","13":"first","14":"instock","15":"shipping-taxable","16":"purchasable","17":"product-type-variable"},"_links":{"self":[{"href":"https:\/\/mxxgz.cn\/pb\/wp-json\/wp\/v2\/product\/1116515","targetHints":{"allow":["GET"]}}],"collection":[{"href":"https:\/\/mxxgz.cn\/pb\/wp-json\/wp\/v2\/product"}],"about":[{"href":"https:\/\/mxxgz.cn\/pb\/wp-json\/wp\/v2\/types\/product"}],"replies":[{"embeddable":true,"href":"https:\/\/mxxgz.cn\/pb\/wp-json\/wp\/v2\/comments?post=1116515"}],"wp:attachment":[{"href":"https:\/\/mxxgz.cn\/pb\/wp-json\/wp\/v2\/media?parent=1116515"}],"wp:term":[{"taxonomy":"product_brand","embeddable":true,"href":"https:\/\/mxxgz.cn\/pb\/wp-json\/wp\/v2\/product_brand?post=1116515"},{"taxonomy":"product_cat","embeddable":true,"href":"https:\/\/mxxgz.cn\/pb\/wp-json\/wp\/v2\/product_cat?post=1116515"},{"taxonomy":"product_tag","embeddable":true,"href":"https:\/\/mxxgz.cn\/pb\/wp-json\/wp\/v2\/product_tag?post=1116515"}],"curies":[{"name":"wp","href":"https:\/\/api.w.org\/{rel}","templated":true}]}}