{"id":1117506,"date":"2018-05-28T11:56:59","date_gmt":"2018-05-28T08:56:59","guid":{"rendered":"https:\/\/superon.cn\/catalogue\/uncategorized\/07-001\/"},"modified":"2026-03-18T04:48:01","modified_gmt":"2026-03-18T01:48:01","slug":"07-001","status":"publish","type":"product","link":"https:\/\/mxxgz.cn\/pb\/catalogue\/07-brackets\/gas-supports\/07-001\/","title":{"rendered":"Muelle de gas, habitual"},"content":{"rendered":"- O produto passou no teste SGS por 100.000 ciclos de opennig.<br \/>&#8211; A press\u00e3o no produto permanece a mesma ap\u00f3s a congela\u00e7\u00e3o \/ descongela\u00e7\u00e3o.<br \/>&#8211; A espessura dos acess\u00f3rios de montagem de  &#8211; 15 mm.<br \/>&#8211; O peso do suporte do g\u00e1s \u00e9 de 78 gr (peso sem acess\u00f3rios).<br \/>&#8211; Diferentes tamanhos podem ser produzidos de acordo com a ordem.<br \/>&#8211; Diferentes cores est\u00e3o dispon\u00edveis.<br \/>&#8211; Este artigo pode ser produzido com o seu logotipo.<\/p>\n<p>Um contentor 07-091: 170 000 ~ 200 000 pcs.","protected":false},"excerpt":{"rendered":"<p>&#8211; O produto passou no teste SGS por 100.000 ciclos de opennig.&#8211; A press\u00e3o no produto permanece a mesma ap\u00f3s a congela\u00e7\u00e3o \/ descongela\u00e7\u00e3o.&#8211; A espessura dos acess\u00f3rios de montagem de &#8211; 15 mm.&#8211; O peso do suporte do g\u00e1s \u00e9 de 78 gr (peso sem acess\u00f3rios).&#8211; Diferentes tamanhos podem ser produzidos de acordo com &#8230; <\/p>\n<p class=\"read-more-container\"><a title=\"Muelle de gas, habitual\" class=\"read-more button\" href=\"https:\/\/mxxgz.cn\/pb\/catalogue\/07-brackets\/gas-supports\/07-001\/#more-1117506\">Read more<span class=\"screen-reader-text\">Muelle de gas, habitual<\/span><\/a><\/p>\n","protected":false},"featured_media":0,"comment_status":"open","ping_status":"closed","template":"","meta":[],"product_brand":[],"product_cat":[368005,368006],"product_tag":[],"class_list":{"0":"post-1117506","1":"product","2":"type-product","3":"status-publish","5":"product_cat-07-brackets","6":"product_cat-gas-supports","7":"no-featured-image-padding","8":"sales-flash-overlay","9":"woocommerce-text-align-center","10":"woocommerce-image-align-center","11":"do-quantity-buttons","13":"first","14":"instock","15":"featured","16":"shipping-taxable","17":"purchasable","18":"product-type-variable"},"_links":{"self":[{"href":"https:\/\/mxxgz.cn\/pb\/wp-json\/wp\/v2\/product\/1117506","targetHints":{"allow":["GET"]}}],"collection":[{"href":"https:\/\/mxxgz.cn\/pb\/wp-json\/wp\/v2\/product"}],"about":[{"href":"https:\/\/mxxgz.cn\/pb\/wp-json\/wp\/v2\/types\/product"}],"replies":[{"embeddable":true,"href":"https:\/\/mxxgz.cn\/pb\/wp-json\/wp\/v2\/comments?post=1117506"}],"wp:attachment":[{"href":"https:\/\/mxxgz.cn\/pb\/wp-json\/wp\/v2\/media?parent=1117506"}],"wp:term":[{"taxonomy":"product_brand","embeddable":true,"href":"https:\/\/mxxgz.cn\/pb\/wp-json\/wp\/v2\/product_brand?post=1117506"},{"taxonomy":"product_cat","embeddable":true,"href":"https:\/\/mxxgz.cn\/pb\/wp-json\/wp\/v2\/product_cat?post=1117506"},{"taxonomy":"product_tag","embeddable":true,"href":"https:\/\/mxxgz.cn\/pb\/wp-json\/wp\/v2\/product_tag?post=1117506"}],"curies":[{"name":"wp","href":"https:\/\/api.w.org\/{rel}","templated":true}]}}