{"id":1110346,"date":"2025-05-30T22:54:53","date_gmt":"2025-05-30T19:54:53","guid":{"rendered":"https:\/\/superon.cn\/catalogue\/uncategorized\/01-972\/"},"modified":"2026-03-18T04:46:07","modified_gmt":"2026-03-18T01:46:07","slug":"01-972","status":"publish","type":"product","link":"https:\/\/mxxgz.cn\/tr\/catalogue\/01-hinges\/for-boxes-01-hinges\/01-972\/","title":{"rendered":"K\u0131r\u0131kl\u0131 yaprak mente\u015fe"},"content":{"rendered":"","protected":false},"excerpt":{"rendered":"","protected":false},"featured_media":0,"comment_status":"open","ping_status":"closed","template":"","meta":[],"product_brand":[],"product_cat":[367993,368076],"product_tag":[],"class_list":{"0":"post-1110346","1":"product","2":"type-product","3":"status-publish","5":"product_cat-01-hinges","6":"product_cat-for-boxes-01-hinges","7":"no-featured-image-padding","8":"sales-flash-overlay","9":"woocommerce-text-align-center","10":"woocommerce-image-align-center","11":"do-quantity-buttons","13":"first","14":"instock","15":"shipping-taxable","16":"purchasable","17":"product-type-variable"},"_links":{"self":[{"href":"https:\/\/mxxgz.cn\/tr\/wp-json\/wp\/v2\/product\/1110346","targetHints":{"allow":["GET"]}}],"collection":[{"href":"https:\/\/mxxgz.cn\/tr\/wp-json\/wp\/v2\/product"}],"about":[{"href":"https:\/\/mxxgz.cn\/tr\/wp-json\/wp\/v2\/types\/product"}],"replies":[{"embeddable":true,"href":"https:\/\/mxxgz.cn\/tr\/wp-json\/wp\/v2\/comments?post=1110346"}],"wp:attachment":[{"href":"https:\/\/mxxgz.cn\/tr\/wp-json\/wp\/v2\/media?parent=1110346"}],"wp:term":[{"taxonomy":"product_brand","embeddable":true,"href":"https:\/\/mxxgz.cn\/tr\/wp-json\/wp\/v2\/product_brand?post=1110346"},{"taxonomy":"product_cat","embeddable":true,"href":"https:\/\/mxxgz.cn\/tr\/wp-json\/wp\/v2\/product_cat?post=1110346"},{"taxonomy":"product_tag","embeddable":true,"href":"https:\/\/mxxgz.cn\/tr\/wp-json\/wp\/v2\/product_tag?post=1110346"}],"curies":[{"name":"wp","href":"https:\/\/api.w.org\/{rel}","templated":true}]}}