{"id":1110971,"date":"2025-11-13T23:39:53","date_gmt":"2025-11-13T20:39:53","guid":{"rendered":"https:\/\/superon.cn\/catalogue\/uncategorized\/18-280-b\/"},"modified":"2026-03-18T04:46:23","modified_gmt":"2026-03-18T01:46:23","slug":"18-280-b","status":"publish","type":"product","link":"https:\/\/mxxgz.cn\/tr\/catalogue\/18-fittings-for-tables\/transforming-tables\/18-280-b\/","title":{"rendered":"Gizli \u00e7\u0131kan masa\u00fcst\u00fc i\u00e7in frenli ray mekanizmas\u0131"},"content":{"rendered":"","protected":false},"excerpt":{"rendered":"","protected":false},"featured_media":0,"comment_status":"open","ping_status":"closed","template":"","meta":[],"product_brand":[],"product_cat":[368035,368069],"product_tag":[],"class_list":{"0":"post-1110971","1":"product","2":"type-product","3":"status-publish","5":"product_cat-18-fittings-for-tables","6":"product_cat-transforming-tables","7":"no-featured-image-padding","8":"sales-flash-overlay","9":"woocommerce-text-align-center","10":"woocommerce-image-align-center","11":"do-quantity-buttons","13":"first","14":"instock","15":"shipping-taxable","16":"purchasable","17":"product-type-variable"},"_links":{"self":[{"href":"https:\/\/mxxgz.cn\/tr\/wp-json\/wp\/v2\/product\/1110971","targetHints":{"allow":["GET"]}}],"collection":[{"href":"https:\/\/mxxgz.cn\/tr\/wp-json\/wp\/v2\/product"}],"about":[{"href":"https:\/\/mxxgz.cn\/tr\/wp-json\/wp\/v2\/types\/product"}],"replies":[{"embeddable":true,"href":"https:\/\/mxxgz.cn\/tr\/wp-json\/wp\/v2\/comments?post=1110971"}],"wp:attachment":[{"href":"https:\/\/mxxgz.cn\/tr\/wp-json\/wp\/v2\/media?parent=1110971"}],"wp:term":[{"taxonomy":"product_brand","embeddable":true,"href":"https:\/\/mxxgz.cn\/tr\/wp-json\/wp\/v2\/product_brand?post=1110971"},{"taxonomy":"product_cat","embeddable":true,"href":"https:\/\/mxxgz.cn\/tr\/wp-json\/wp\/v2\/product_cat?post=1110971"},{"taxonomy":"product_tag","embeddable":true,"href":"https:\/\/mxxgz.cn\/tr\/wp-json\/wp\/v2\/product_tag?post=1110971"}],"curies":[{"name":"wp","href":"https:\/\/api.w.org\/{rel}","templated":true}]}}