{"id":1111237,"date":"2007-01-07T00:00:00","date_gmt":"2007-01-06T21:00:00","guid":{"rendered":"https:\/\/superon.cn\/catalogue\/uncategorized\/01-013\/"},"modified":"2026-03-18T04:46:30","modified_gmt":"2026-03-18T01:46:30","slug":"01-013","status":"publish","type":"product","link":"https:\/\/mxxgz.cn\/tr\/catalogue\/01-hinges\/angled\/01-013\/","title":{"rendered":"90\u00b0 dereceli mente\u015fe, slide-on"},"content":{"rendered":"Tas \u00e7ap\u0131: 35mm<br \/>A\u00e7\u0131lma a\u00e7\u0131s\u0131:  110\u00b0(D)\/905(X)<br \/>Tas derinli\u011fi: 11.3mm (D), 11.5mm (X)<br \/>A\u00e7\u0131lma tipi: two ways<br \/>Installation: s\u00fcrg\u00fcl\u00fc<br \/>Kapak kal\u0131nl\u0131\u011f\u0131: 14-23mm<br \/>Bindirme ayar\u0131: \u00b12.5mm<br \/>Derinlik ayar\u0131: \u00b12.5mm<br \/>Y\u00fckseklik ayar\u0131: \u00b12.0mm","protected":false},"excerpt":{"rendered":"<p>Tas \u00e7ap\u0131: 35mmA\u00e7\u0131lma a\u00e7\u0131s\u0131: 110\u00b0(D)\/905(X)Tas derinli\u011fi: 11.3mm (D), 11.5mm (X)A\u00e7\u0131lma tipi: two waysInstallation: s\u00fcrg\u00fcl\u00fcKapak kal\u0131nl\u0131\u011f\u0131: 14-23mmBindirme ayar\u0131: \u00b12.5mmDerinlik ayar\u0131: \u00b12.5mmY\u00fckseklik ayar\u0131: \u00b12.0mm<\/p>\n","protected":false},"featured_media":0,"comment_status":"open","ping_status":"closed","template":"","meta":[],"product_brand":[],"product_cat":[367993,368111],"product_tag":[],"class_list":{"0":"post-1111237","1":"product","2":"type-product","3":"status-publish","5":"product_cat-01-hinges","6":"product_cat-angled","7":"no-featured-image-padding","8":"sales-flash-overlay","9":"woocommerce-text-align-center","10":"woocommerce-image-align-center","11":"do-quantity-buttons","13":"first","14":"instock","15":"shipping-taxable","16":"purchasable","17":"product-type-variable"},"_links":{"self":[{"href":"https:\/\/mxxgz.cn\/tr\/wp-json\/wp\/v2\/product\/1111237","targetHints":{"allow":["GET"]}}],"collection":[{"href":"https:\/\/mxxgz.cn\/tr\/wp-json\/wp\/v2\/product"}],"about":[{"href":"https:\/\/mxxgz.cn\/tr\/wp-json\/wp\/v2\/types\/product"}],"replies":[{"embeddable":true,"href":"https:\/\/mxxgz.cn\/tr\/wp-json\/wp\/v2\/comments?post=1111237"}],"wp:attachment":[{"href":"https:\/\/mxxgz.cn\/tr\/wp-json\/wp\/v2\/media?parent=1111237"}],"wp:term":[{"taxonomy":"product_brand","embeddable":true,"href":"https:\/\/mxxgz.cn\/tr\/wp-json\/wp\/v2\/product_brand?post=1111237"},{"taxonomy":"product_cat","embeddable":true,"href":"https:\/\/mxxgz.cn\/tr\/wp-json\/wp\/v2\/product_cat?post=1111237"},{"taxonomy":"product_tag","embeddable":true,"href":"https:\/\/mxxgz.cn\/tr\/wp-json\/wp\/v2\/product_tag?post=1111237"}],"curies":[{"name":"wp","href":"https:\/\/api.w.org\/{rel}","templated":true}]}}