{"id":1111785,"date":"2007-01-07T00:00:00","date_gmt":"2007-01-06T21:00:00","guid":{"rendered":"https:\/\/superon.cn\/catalogue\/uncategorized\/06-101\/"},"modified":"2026-03-18T04:46:35","modified_gmt":"2026-03-18T01:46:35","slug":"06-101","status":"publish","type":"product","link":"https:\/\/mxxgz.cn\/tr\/catalogue\/06-tubes-and-accessories\/tube-supports\/06-101\/","title":{"rendered":"Flange with fix screw, steel"},"content":{"rendered":"Bir konteynere 1.300.000 adet y\u00fcklenebilir.<br \/>\u00dcr\u00fcn\u00fcn a\u011f\u0131rl\u0131\u011f\u0131na dikkat edilmeli, c\u00fcnk\u00fc baz\u0131 \u00fcreticiler kullan\u0131lan sa\u00e7 kal\u0131nl\u011f\u0131\u011fndan daha kal\u0131n sa\u00e7 kal\u0131nl\u0131\u011f\u0131n\u0131 beyan ediyorlar.","protected":false},"excerpt":{"rendered":"<p>Bir konteynere 1.300.000 adet y\u00fcklenebilir.\u00dcr\u00fcn\u00fcn a\u011f\u0131rl\u0131\u011f\u0131na dikkat edilmeli, c\u00fcnk\u00fc baz\u0131 \u00fcreticiler kullan\u0131lan sa\u00e7 kal\u0131nl\u011f\u0131\u011fndan daha kal\u0131n sa\u00e7 kal\u0131nl\u0131\u011f\u0131n\u0131 beyan ediyorlar.<\/p>\n","protected":false},"featured_media":0,"comment_status":"open","ping_status":"closed","template":"","meta":[],"product_brand":[],"product_cat":[368001,368002],"product_tag":[],"class_list":{"0":"post-1111785","1":"product","2":"type-product","3":"status-publish","5":"product_cat-06-tubes-and-accessories","6":"product_cat-tube-supports","7":"no-featured-image-padding","8":"sales-flash-overlay","9":"woocommerce-text-align-center","10":"woocommerce-image-align-center","11":"do-quantity-buttons","13":"first","14":"instock","15":"featured","16":"shipping-taxable","17":"purchasable","18":"product-type-variable"},"_links":{"self":[{"href":"https:\/\/mxxgz.cn\/tr\/wp-json\/wp\/v2\/product\/1111785","targetHints":{"allow":["GET"]}}],"collection":[{"href":"https:\/\/mxxgz.cn\/tr\/wp-json\/wp\/v2\/product"}],"about":[{"href":"https:\/\/mxxgz.cn\/tr\/wp-json\/wp\/v2\/types\/product"}],"replies":[{"embeddable":true,"href":"https:\/\/mxxgz.cn\/tr\/wp-json\/wp\/v2\/comments?post=1111785"}],"wp:attachment":[{"href":"https:\/\/mxxgz.cn\/tr\/wp-json\/wp\/v2\/media?parent=1111785"}],"wp:term":[{"taxonomy":"product_brand","embeddable":true,"href":"https:\/\/mxxgz.cn\/tr\/wp-json\/wp\/v2\/product_brand?post=1111785"},{"taxonomy":"product_cat","embeddable":true,"href":"https:\/\/mxxgz.cn\/tr\/wp-json\/wp\/v2\/product_cat?post=1111785"},{"taxonomy":"product_tag","embeddable":true,"href":"https:\/\/mxxgz.cn\/tr\/wp-json\/wp\/v2\/product_tag?post=1111785"}],"curies":[{"name":"wp","href":"https:\/\/api.w.org\/{rel}","templated":true}]}}