{"id":1112344,"date":"2007-01-07T00:00:00","date_gmt":"2007-01-06T21:00:00","guid":{"rendered":"https:\/\/superon.cn\/catalogue\/uncategorized\/07-120\/"},"modified":"2026-03-18T04:46:43","modified_gmt":"2026-03-18T01:46:43","slug":"07-120","status":"publish","type":"product","link":"https:\/\/mxxgz.cn\/tr\/catalogue\/07-brackets\/push-to-open-07-brackets\/07-120\/","title":{"rendered":"Bas-a\u00e7 \u00e7\u0131t\u00e7\u0131t"},"content":{"rendered":"\u0130yi \u00fcr\u00fcn nas\u0131l se\u00e7ilir.<br \/>&#8211; A\u00e7ma g\u00fcc\u00fc \u00e7ok \u00f6nemlidir. \u00dcr\u00fcnlerimizin a\u00e7ma g\u00fcc\u00fc 15N c\u0131var\u0131nda tutuyoruz, b\u00f6ylece \u00fcr\u00fcn dolap kapa\u011f\u0131n\u0131 a\u00e7abilir.<br \/>&#8211; M\u0131knat\u0131s\u0131n \u00e7ekme g\u00fcc\u00fc yeterl\u0131 olmal\u0131d\u0131r. Aksi taktirde dolap kapa\u011f\u0131 s\u00fcrekli kendili\u011finden a\u00e7\u0131lacakt\u0131r. M\u0131knat\u0131s\u0131n \u00e7ekme g\u00fcc\u00fc maliyetle orant\u0131l\u0131 oldu\u011fu i\u00e7in ucuz \u00fcr\u00fcnlerde m\u0131knat\u0131s yetersiz kalacak.<\/p>\n<p>\u00d6zellikleri<br \/>&#8211; M\u0131knat\u0131s veya silikonlu ayarl\u0131 ucu<br \/>&#8211; Ayarl\u0131 a\u00e7ma mesafesi.<br \/>  20mm &#8211; k\u00fc\u00e7\u00fck kapaklar i\u00e7in (y\u00fckseklik &lt;1300mm)<br \/>  40mm &#8211; b\u00fcy\u00fck kapaklar i\u00e7in (y\u00fckseklik &gt;1300mm)<br \/>&#8211; A\u00e7ma mesafesi ayarlanabilir (\u00fcr\u00fcn kodunda &#8216;-x&#8217; ibares\u0131 olmayanlarda)","protected":false},"excerpt":{"rendered":"<p>\u0130yi \u00fcr\u00fcn nas\u0131l se\u00e7ilir.&#8211; A\u00e7ma g\u00fcc\u00fc \u00e7ok \u00f6nemlidir. \u00dcr\u00fcnlerimizin a\u00e7ma g\u00fcc\u00fc 15N c\u0131var\u0131nda tutuyoruz, b\u00f6ylece \u00fcr\u00fcn dolap kapa\u011f\u0131n\u0131 a\u00e7abilir.&#8211; M\u0131knat\u0131s\u0131n \u00e7ekme g\u00fcc\u00fc yeterl\u0131 olmal\u0131d\u0131r. Aksi taktirde dolap kapa\u011f\u0131 s\u00fcrekli kendili\u011finden a\u00e7\u0131lacakt\u0131r. M\u0131knat\u0131s\u0131n \u00e7ekme g\u00fcc\u00fc maliyetle orant\u0131l\u0131 oldu\u011fu i\u00e7in ucuz \u00fcr\u00fcnlerde m\u0131knat\u0131s yetersiz kalacak. \u00d6zellikleri&#8211; M\u0131knat\u0131s veya silikonlu ayarl\u0131 ucu&#8211; Ayarl\u0131 a\u00e7ma mesafesi. 20mm &#8211; k\u00fc\u00e7\u00fck &#8230; <\/p>\n<p class=\"read-more-container\"><a title=\"Bas-a\u00e7 \u00e7\u0131t\u00e7\u0131t\" class=\"read-more button\" href=\"https:\/\/mxxgz.cn\/tr\/catalogue\/07-brackets\/push-to-open-07-brackets\/07-120\/#more-1112344\">Read more<span class=\"screen-reader-text\">Bas-a\u00e7 \u00e7\u0131t\u00e7\u0131t<\/span><\/a><\/p>\n","protected":false},"featured_media":0,"comment_status":"open","ping_status":"closed","template":"","meta":[],"product_brand":[],"product_cat":[368005,368053],"product_tag":[],"class_list":{"0":"post-1112344","1":"product","2":"type-product","3":"status-publish","5":"product_cat-07-brackets","6":"product_cat-push-to-open-07-brackets","7":"no-featured-image-padding","8":"sales-flash-overlay","9":"woocommerce-text-align-center","10":"woocommerce-image-align-center","11":"do-quantity-buttons","13":"first","14":"instock","15":"featured","16":"shipping-taxable","17":"purchasable","18":"product-type-variable"},"_links":{"self":[{"href":"https:\/\/mxxgz.cn\/tr\/wp-json\/wp\/v2\/product\/1112344","targetHints":{"allow":["GET"]}}],"collection":[{"href":"https:\/\/mxxgz.cn\/tr\/wp-json\/wp\/v2\/product"}],"about":[{"href":"https:\/\/mxxgz.cn\/tr\/wp-json\/wp\/v2\/types\/product"}],"replies":[{"embeddable":true,"href":"https:\/\/mxxgz.cn\/tr\/wp-json\/wp\/v2\/comments?post=1112344"}],"wp:attachment":[{"href":"https:\/\/mxxgz.cn\/tr\/wp-json\/wp\/v2\/media?parent=1112344"}],"wp:term":[{"taxonomy":"product_brand","embeddable":true,"href":"https:\/\/mxxgz.cn\/tr\/wp-json\/wp\/v2\/product_brand?post=1112344"},{"taxonomy":"product_cat","embeddable":true,"href":"https:\/\/mxxgz.cn\/tr\/wp-json\/wp\/v2\/product_cat?post=1112344"},{"taxonomy":"product_tag","embeddable":true,"href":"https:\/\/mxxgz.cn\/tr\/wp-json\/wp\/v2\/product_tag?post=1112344"}],"curies":[{"name":"wp","href":"https:\/\/api.w.org\/{rel}","templated":true}]}}