{"id":1117506,"date":"2018-05-28T11:56:59","date_gmt":"2018-05-28T08:56:59","guid":{"rendered":"https:\/\/superon.cn\/catalogue\/uncategorized\/07-001\/"},"modified":"2026-03-18T04:48:01","modified_gmt":"2026-03-18T01:48:01","slug":"07-001","status":"publish","type":"product","link":"https:\/\/mxxgz.cn\/tr\/catalogue\/07-brackets\/gas-supports\/07-001\/","title":{"rendered":"Gazl\u0131 piston"},"content":{"rendered":"- \u00dcr\u00fcn\u00fcm\u00fcz SGS testi ge\u00e7mi\u015ftir, 100bin kez a\u00e7\u0131l\u0131p kapanma sertifikas\u0131 mevcuttur.<br \/>&#8211; Ba\u011flant\u0131 aparatlar\u0131n sa\u00e7 kal\u0131nl\u0131\u011f\u0131 1,5mm<br \/>&#8211; \u00dcr\u00fcn\u00fcn a\u011f\u0131rl\u0131\u011f\u0131 78 gramd\u0131r. (aparats\u0131z, u\u00e7suz)<br \/>&#8211; \u00dcr\u00fcn\u00fcm\u00fcz dondurduktan sonra bas\u0131nc\u0131n\u0131 kaybetmiyor (so\u011fuk mevsimli \u00fclkeler i\u00e7in \u00f6nemlidir).<br \/>&#8211; \u0130htiya\u00e7lar\u0131n\u0131za g\u00f6re farkl\u0131 ebatlarda ve renklerde \u00fcretilebilir.<br \/>&#8211; \u00dcr\u00fcn \u00fczerine logonuz bast\u0131r\u0131labilir.<\/p>\n<p>Bir konteynere takriben 170bin ~ 200bin adet yuklenebilir.","protected":false},"excerpt":{"rendered":"<p>&#8211; \u00dcr\u00fcn\u00fcm\u00fcz SGS testi ge\u00e7mi\u015ftir, 100bin kez a\u00e7\u0131l\u0131p kapanma sertifikas\u0131 mevcuttur.&#8211; Ba\u011flant\u0131 aparatlar\u0131n sa\u00e7 kal\u0131nl\u0131\u011f\u0131 1,5mm&#8211; \u00dcr\u00fcn\u00fcn a\u011f\u0131rl\u0131\u011f\u0131 78 gramd\u0131r. (aparats\u0131z, u\u00e7suz)&#8211; \u00dcr\u00fcn\u00fcm\u00fcz dondurduktan sonra bas\u0131nc\u0131n\u0131 kaybetmiyor (so\u011fuk mevsimli \u00fclkeler i\u00e7in \u00f6nemlidir).&#8211; \u0130htiya\u00e7lar\u0131n\u0131za g\u00f6re farkl\u0131 ebatlarda ve renklerde \u00fcretilebilir.&#8211; \u00dcr\u00fcn \u00fczerine logonuz bast\u0131r\u0131labilir. Bir konteynere takriben 170bin ~ 200bin adet yuklenebilir.<\/p>\n","protected":false},"featured_media":0,"comment_status":"open","ping_status":"closed","template":"","meta":[],"product_brand":[],"product_cat":[368005,368006],"product_tag":[],"class_list":{"0":"post-1117506","1":"product","2":"type-product","3":"status-publish","5":"product_cat-07-brackets","6":"product_cat-gas-supports","7":"no-featured-image-padding","8":"sales-flash-overlay","9":"woocommerce-text-align-center","10":"woocommerce-image-align-center","11":"do-quantity-buttons","13":"first","14":"instock","15":"featured","16":"shipping-taxable","17":"purchasable","18":"product-type-variable"},"_links":{"self":[{"href":"https:\/\/mxxgz.cn\/tr\/wp-json\/wp\/v2\/product\/1117506","targetHints":{"allow":["GET"]}}],"collection":[{"href":"https:\/\/mxxgz.cn\/tr\/wp-json\/wp\/v2\/product"}],"about":[{"href":"https:\/\/mxxgz.cn\/tr\/wp-json\/wp\/v2\/types\/product"}],"replies":[{"embeddable":true,"href":"https:\/\/mxxgz.cn\/tr\/wp-json\/wp\/v2\/comments?post=1117506"}],"wp:attachment":[{"href":"https:\/\/mxxgz.cn\/tr\/wp-json\/wp\/v2\/media?parent=1117506"}],"wp:term":[{"taxonomy":"product_brand","embeddable":true,"href":"https:\/\/mxxgz.cn\/tr\/wp-json\/wp\/v2\/product_brand?post=1117506"},{"taxonomy":"product_cat","embeddable":true,"href":"https:\/\/mxxgz.cn\/tr\/wp-json\/wp\/v2\/product_cat?post=1117506"},{"taxonomy":"product_tag","embeddable":true,"href":"https:\/\/mxxgz.cn\/tr\/wp-json\/wp\/v2\/product_tag?post=1117506"}],"curies":[{"name":"wp","href":"https:\/\/api.w.org\/{rel}","templated":true}]}}