{"id":1120130,"date":"2007-01-07T00:00:00","date_gmt":"2007-01-06T21:00:00","guid":{"rendered":"https:\/\/superon.cn\/catalogue\/uncategorized\/01-133-cl\/"},"modified":"2026-03-18T04:48:40","modified_gmt":"2026-03-18T01:48:40","slug":"01-133-cl","status":"publish","type":"product","link":"https:\/\/mxxgz.cn\/tr\/catalogue\/01-hinges\/mini-hinges-soft-closing\/01-133-cl\/","title":{"rendered":"Frenli mini mente\u015fe, klipsli"},"content":{"rendered":"Tas \u00e7ap\u0131: 26mm<br \/>A\u00e7\u0131lma a\u00e7\u0131s\u0131: 95\u00b0<br \/>Tas derinli\u011fi: 9.7mm<br \/>Closing type: frenli <br \/>Installation: klipsli<br \/>Kapak kal\u0131nl\u0131\u011f\u0131: 14-22mm<br \/>Bindirme ayar\u0131: \u00b12.5mm<br \/>Derinlik ayar\u0131: \u00b12.5mm<br \/>Y\u00fckseklik ayar\u0131: \u00b12.0mm","protected":false},"excerpt":{"rendered":"<p>Tas \u00e7ap\u0131: 26mmA\u00e7\u0131lma a\u00e7\u0131s\u0131: 95\u00b0Tas derinli\u011fi: 9.7mmClosing type: frenli Installation: klipsliKapak kal\u0131nl\u0131\u011f\u0131: 14-22mmBindirme ayar\u0131: \u00b12.5mmDerinlik ayar\u0131: \u00b12.5mmY\u00fckseklik ayar\u0131: \u00b12.0mm<\/p>\n","protected":false},"featured_media":0,"comment_status":"open","ping_status":"closed","template":"","meta":[],"product_brand":[],"product_cat":[367993,368012],"product_tag":[],"class_list":{"0":"post-1120130","1":"product","2":"type-product","3":"status-publish","5":"product_cat-01-hinges","6":"product_cat-mini-hinges-soft-closing","7":"no-featured-image-padding","8":"sales-flash-overlay","9":"woocommerce-text-align-center","10":"woocommerce-image-align-center","11":"do-quantity-buttons","13":"first","14":"instock","15":"featured","16":"shipping-taxable","17":"purchasable","18":"product-type-variable"},"_links":{"self":[{"href":"https:\/\/mxxgz.cn\/tr\/wp-json\/wp\/v2\/product\/1120130","targetHints":{"allow":["GET"]}}],"collection":[{"href":"https:\/\/mxxgz.cn\/tr\/wp-json\/wp\/v2\/product"}],"about":[{"href":"https:\/\/mxxgz.cn\/tr\/wp-json\/wp\/v2\/types\/product"}],"replies":[{"embeddable":true,"href":"https:\/\/mxxgz.cn\/tr\/wp-json\/wp\/v2\/comments?post=1120130"}],"wp:attachment":[{"href":"https:\/\/mxxgz.cn\/tr\/wp-json\/wp\/v2\/media?parent=1120130"}],"wp:term":[{"taxonomy":"product_brand","embeddable":true,"href":"https:\/\/mxxgz.cn\/tr\/wp-json\/wp\/v2\/product_brand?post=1120130"},{"taxonomy":"product_cat","embeddable":true,"href":"https:\/\/mxxgz.cn\/tr\/wp-json\/wp\/v2\/product_cat?post=1120130"},{"taxonomy":"product_tag","embeddable":true,"href":"https:\/\/mxxgz.cn\/tr\/wp-json\/wp\/v2\/product_tag?post=1120130"}],"curies":[{"name":"wp","href":"https:\/\/api.w.org\/{rel}","templated":true}]}}